{"id":37,"date":"2024-03-15T13:40:25","date_gmt":"2024-03-15T13:40:25","guid":{"rendered":"https:\/\/consultoriac.com\/?page_id=37"},"modified":"2024-04-01T11:33:29","modified_gmt":"2024-04-01T11:33:29","slug":"terms-of-use","status":"publish","type":"page","link":"https:\/\/consultoriac.com\/it\/terms-of-use\/","title":{"rendered":"Termini e condizioni"},"content":{"rendered":"<p>I presenti Termini e condizioni (\"Termini\") costituiscono un accordo giuridicamente vincolante tra l'utente e SOL CONSULTORIAC 2023 SL (\"Consultoriac\"), con sede legale: Ramon Cajal Avenue 17 Marbella 29601, Spagna; numero di registrazione - B56315112, in merito all'utilizzo da parte dell'utente del nostro sito web e del suo contenuto (denominato \"Sito\"), accessibile all'indirizzo<a href=\"https:\/\/consultoriac.com\/it\/\"> <\/a><a href=\"https:\/\/consultoriac.com\/it\/\">https:\/\/consultoriac.com\/<\/a>.<br><\/p>\n\n\n\n<p><br>Si prega di leggere attentamente i presenti termini e condizioni. Accedendo, navigando, rivedendo e\/o utilizzando il Sito, l'utente riconosce e accetta di aver letto, compreso e accettato di essere vincolato da questi termini e condizioni senza limitazioni o qualifiche. L'utente accetta inoltre di rispettare tutte le leggi e i regolamenti applicabili. Se non siete d'accordo ad essere vincolati da questi termini e condizioni, non utilizzate il Sito.<br><\/p>\n\n\n\n<p><br>Il Sito pu\u00f2 includere ulteriori avvisi di propriet\u00e0 e informazioni sul copyright, che l'utente deve osservare e seguire. Le informazioni contenute nel Sito possono contenere imprecisioni tecniche o errori tipografici. Consultoriac si riserva il diritto di rivedere, emendare, modificare o eliminare parti di questi termini e condizioni senza preavviso. \u00c8 necessario leggere la versione pi\u00f9 aggiornata di questi termini e condizioni. L'uso continuato del Sito da parte dell'utente costituisce l'accettazione di eventuali revisioni, emendamenti, modifiche o cancellazioni di questi termini e condizioni.<\/p>\n\n\n\n<h2 class=\"wp-block-heading\"><strong>Accesso al sito web e limitazioni d'uso<\/strong><\/h2>\n\n\n\n<p>L'uso del Sito, comprese tutte le caratteristiche e le funzionalit\u00e0 associate, sar\u00e0 soggetto a tutte le leggi, le norme, i regolamenti o le altre restrizioni sull'uso del servizio o del Contenuto. L'utente dovr\u00e0 rispettare i presenti termini e condizioni e non dovr\u00e0:<\/p>\n\n\n\n<ol class=\"wp-block-list\">\n<li>Archiviare, scaricare, riprodurre, distribuire, modificare, visualizzare, eseguire, pubblicare, concedere in licenza, creare opere derivate, offrire in vendita o utilizzare qualsiasi Contenuto o informazione ottenuta da o attraverso il Sito.<\/li>\n\n\n\n<li>Eliminare gli avvisi di copyright o di altri diritti di propriet\u00e0 dal Sito o da qualsiasi Contenuto.<\/li>\n\n\n\n<li>eludere, rimuovere, alterare, disattivare, degradare o vanificare qualsiasi contenuto o altra protezione abilitata sul Sito.<\/li>\n\n\n\n<li>Utilizzare robot, spider, scraper o altri mezzi automatizzati per accedere al Sito.<\/li>\n\n\n\n<li>Decompilare, decodificare o disassemblare qualsiasi software, altri prodotti o processi accessibili attraverso il Sito.<\/li>\n\n\n\n<li>Inserire qualsiasi codice o prodotto o manipolare il Sito in qualsiasi modo.<\/li>\n\n\n\n<li>Utilizzare qualsiasi metodo di data mining, raccolta o estrazione di dati.<\/li>\n\n\n\n<li>Caricare, pubblicare, inviare via e-mail o in altro modo inviare o trasmettere qualsiasi materiale progettato per interrompere, distruggere o limitare la funzionalit\u00e0 di qualsiasi software, hardware o attrezzatura di telecomunicazione associata al Sito, compresi virus software o qualsiasi altro codice informatico, file o programmi.<\/li>\n\n\n\n<li>Rimuovere, modificare, disattivare, bloccare, compromettere o oscurare qualsiasi pubblicit\u00e0 in relazione al Sito.<\/li>\n\n\n\n<li>Utilizzare o incoraggiare l'utilizzo del Sito per scopi illegali o in violazione di qualsiasi legge locale, statale, nazionale o internazionale, incluse, senza limitazioni, le leggi che regolano la propriet\u00e0 intellettuale e altri diritti di propriet\u00e0, la protezione dei dati e la privacy.<\/li>\n<\/ol>\n\n\n\n<p>Consultoriac avr\u00e0 il diritto di modificare, sospendere o interrompere il Sito o l'accesso o l'uso del Sito in qualsiasi momento e per qualsiasi motivo, senza preavviso o responsabilit\u00e0 nei confronti dell'utente o di terzi. Il Sito pu\u00f2 diventare indisponibile a causa della manutenzione o del malfunzionamento delle apparecchiature informatiche o per altre ragioni e pu\u00f2 comportare danni ai sistemi, al software, ai dati o alle operazioni dell'utente per i quali Consultoriac non si assume alcuna responsabilit\u00e0.<\/p>\n\n\n\n<h2 class=\"wp-block-heading\"><strong>Collegamento ipertestuale<\/strong><\/h2>\n\n\n\n<p>Consultoriac non rilascia alcuna dichiarazione in merito a qualsiasi altro sito web a cui si possa accedere attraverso questo. Quando si accede a un sito web non Consultoriac, si prega di comprendere che esso \u00e8 indipendente da Consultoriac e che Consultoriac non ha alcun controllo sul suo contenuto, anche se Consultoriac fornisce informazioni o servizi al proprietario di quel sito web. Inoltre, un link a un sito web non Consultoriac non significa che Consultoriac approvi o accetti alcuna responsabilit\u00e0 per il contenuto o l'uso di tale sito web. Consultoriac declina ogni responsabilit\u00e0 per tali contenuti. Spetta all'utente prendere le dovute precauzioni per assicurarsi che qualsiasi cosa scelga per il suo utilizzo sia priva di elementi quali virus e altri elementi di natura distruttiva.<\/p>\n\n\n\n<h2 class=\"wp-block-heading\"><strong>Diritti d'autore e utilizzo dei contenuti del sito<\/strong><\/h2>\n\n\n\n<p>Tutti i materiali, le caratteristiche e le funzionalit\u00e0 del sito web di Consultoriac, compresi testi, grafici, video, registrazioni audio, software, opere d'arte, interfacce, fotografie, loghi, icone e immagini (\"Contenuto\"), sono di propriet\u00e0 esclusiva di Consultoriac e sono protetti dalle leggi vigenti. Non \u00e8 consentito copiare, riprodurre, distribuire, ripubblicare, scaricare, visualizzare, pubblicare o trasmettere alcun Contenuto in qualsiasi forma o con qualsiasi mezzo senza la previa autorizzazione scritta di Consultoriac o del proprietario del copyright. L'uso non autorizzato del Contenuto pu\u00f2 violare i diritti d'autore, i marchi, la privacy e altre norme. L'utente \u00e8 responsabile di garantire che qualsiasi informazione o Contenuto ottenuto dal sito web di Consultoriac sia privo di virus o altri componenti dannosi.<\/p>\n\n\n\n<h2 class=\"wp-block-heading\"><strong>Marchi di fabbrica<\/strong><\/h2>\n\n\n\n<p>I marchi di fabbrica, i marchi di servizio, i loghi e i nomi commerciali (\"Marchi\") utilizzati e visualizzati sul sito web di Consultoriac, compreso \"Consultoriac\", sono marchi registrati e non registrati di Consultoriac. Terze parti possono essere proprietarie di altri marchi, marchi di servizio, loghi e nomi commerciali. Nulla di quanto contenuto nel sito web deve essere interpretato come una concessione, per implicazione, preclusione o altro, di qualsiasi licenza o diritto all'uso di qualsiasi marchio o altra propriet\u00e0 intellettuale di Consultoriac visualizzata sul sito web. Consultoriac protegge vigorosamente i propri diritti di propriet\u00e0 intellettuale. Il marchio e il nome commerciale Consultoriac e qualsiasi altro marchio non possono essere utilizzati senza previa autorizzazione scritta da parte di Consultoriac. L'uso dei Marchi di Consultoriac come parte di un link a o da qualsiasi sito richiede la previa approvazione scritta di Consultoriac.<\/p>\n\n\n\n<h2 class=\"wp-block-heading\"><strong>Esclusione di garanzia<\/strong><\/h2>\n\n\n\n<p>Il sito e il suo contenuto sono forniti \"cos\u00ec come sono\" e \"come disponibili\" senza alcuna garanzia. Nella misura massima consentita dalla legge applicabile, decliniamo tutte le garanzie, espresse, implicite, legali o di altro tipo, incluse, ma non solo, le garanzie di commerciabilit\u00e0, idoneit\u00e0 per uno scopo particolare, titolo e non violazione. In particolare, non dichiariamo n\u00e9 garantiamo che le informazioni contenute nel sito siano corrette, accurate o affidabili; che le funzioni contenute nel sito siano ininterrotte o prive di errori; che i difetti vengano corretti o che il sito o il server che lo rende disponibile siano privi di virus o altri componenti dannosi. <\/p>\n\n\n\n<h2 class=\"wp-block-heading\"><strong>Limitazione di responsabilit\u00e0<\/strong><\/h2>\n\n\n\n<p>In nessun caso Consultoriac o i suoi predecessori, successori, genitori, filiali, affiliati, funzionari, direttori, azionisti, investitori, dipendenti, agenti, rappresentanti, avvocati e i loro rispettivi eredi, successori e cessionari saranno responsabili per qualsiasi danno, compresi i danni diretti, incidentali, punitivi, speciali, consequenziali o esemplari che derivano direttamente o indirettamente dall'uso di, o dall'impossibilit\u00e0 di utilizzare il sito o le informazioni, i contenuti, il software, i prodotti e i servizi pubblicizzati o contenuti nel sito o altrimenti ottenuti da o derivanti dall'uso del sito, compresi i virus che si presume siano stati ottenuti dal sito, sia per contratto, che per torto (compresa la negligenza), responsabilit\u00e0 oggettiva o altro, anche se Consultoriac \u00e8 stata avvisata della possibilit\u00e0 di tali danni. Questa rinuncia si applica, senza limitazioni, a qualsiasi danno o lesione derivante da mancate prestazioni, errori, omissioni, interruzioni, cancellazioni, difetti, ritardi nel funzionamento o nella trasmissione, virus informatici, corruzione di file, guasti alle linee di comunicazione, interruzioni di rete o di sistema, o furto, distruzione, accesso non autorizzato, alterazione o utilizzo di qualsiasi record.<\/p>\n\n\n\n<h2 class=\"wp-block-heading\"><strong>Indennizzo<\/strong><\/h2>\n\n\n\n<p>L'utente accetta di indennizzare, difendere e tenere indenne Consultoriac e tutti i suoi predecessori, successori, genitori, filiali, affiliati, funzionari, direttori, azionisti, investitori, dipendenti, agenti, rappresentanti e avvocati e i rispettivi eredi, successori e cessionari (collettivamente, le \"Parti indennizzate\") da e contro qualsiasi responsabilit\u00e0 e costo, compresi, senza limitazione, ragionevoli spese legali, sostenute da una o tutte le Parti indennizzate in relazione a qualsiasi reclamo derivante da o relativo a:&nbsp;<\/p>\n\n\n\n<p><br>(i) il vostro accesso o utilizzo del Sito, o&nbsp;<\/p>\n\n\n\n<p><br>(ii) qualsiasi violazione da parte dell'utente dei presenti Termini e condizioni o delle dichiarazioni, garanzie e impegni assunti con l'accettazione dei presenti Termini e condizioni.&nbsp;<\/p>\n\n\n\n<p><br>L'utente dovr\u00e0 collaborare nella misura ragionevolmente richiesta per difendere qualsiasi reclamo. Consultoriac si riserva il diritto, a proprie spese, di assumere la difesa esclusiva e il controllo di qualsiasi questione soggetta a indennizzo.<\/p>\n\n\n\n<h2 class=\"wp-block-heading\"><strong>Giurisdizione<\/strong><\/h2>\n\n\n\n<p>I presenti termini e condizioni sono disciplinati e interpretati in base alle leggi spagnole, a prescindere da qualsiasi principio di conflitto di leggi. L'utente accetta espressamente che la giurisdizione esclusiva risieda nei tribunali della Spagna. L'utente accetta inoltre di esercitare la giurisdizione personale in Spagna per qualsiasi controversia o reclamo che coinvolga Consultoriac. Se una parte di questi termini e condizioni \u00e8 illegale, nulla o inapplicabile, tale parte sar\u00e0 considerata separabile e non pregiudicher\u00e0 la validit\u00e0 e l'applicabilit\u00e0 delle restanti disposizioni.<\/p>\n\n\n\n<h2 class=\"wp-block-heading\"><strong>Intero accordo<\/strong><\/h2>\n\n\n\n<p>Il presente accordo comprende la totalit\u00e0 delle intese tra l'utente e Consultoriac in merito all'oggetto e sostituisce tutte le intese o gli accordi precedenti o simultanei, sia scritti che orali, in merito all'oggetto. Qualsiasi rinuncia a qualsiasi disposizione del presente accordo sar\u00e0 efficace solo se in forma scritta e firmata da Consultoriac. La mancata applicazione di una disposizione del presente accordo non costituir\u00e0 una rinuncia a una futura violazione di quella o di qualsiasi altra disposizione del presente documento.<\/p>\n\n\n\n<h2 class=\"wp-block-heading\"><strong>Contatto<\/strong><\/h2>\n\n\n\n<p>In caso di domande o dubbi sui presenti Termini e condizioni, si prega di contattarci utilizzando le seguenti informazioni:<\/p>\n\n\n\n<ul class=\"wp-block-list\">\n<li>E-mail:&nbsp; <a href=\"mailto:info@consultoriac.com\">info@consultoriac.com<\/a><\/li>\n\n\n\n<li>Telefono: <a href=\"tel: 34919930867\">+34919930867<\/a><\/li>\n\n\n\n<li>Sito web: <a href=\"https:\/\/consultoriac.com\/it\/contact-us\/\">https:\/\/consultoriac.com\/contact-us\/<\/a>&nbsp;<\/li>\n<\/ul>\n\n\n\n<p>Siamo a disposizione per assistervi e rispondere a qualsiasi domanda che possiate avere in merito a questi termini.<\/p>","protected":false},"excerpt":{"rendered":"<p>I presenti Termini e Condizioni (\"Termini\") costituiscono un accordo giuridicamente vincolante tra l'utente e SOL CONSULTORIAC 2023 SL (\"Consultoriac\"), con sede legale: Ramon Cajal Avenue 17 Marbella 29601, Spagna; numero di registrazione - B56315112, in merito all'utilizzo da parte dell'utente del nostro sito web e del suo contenuto (denominato \"Sito\") accessibile all'indirizzo https:\/\/consultoriac.com\/. Si prega di leggere questi termini e condizioni [...]<\/p>","protected":false},"author":1,"featured_media":0,"parent":0,"menu_order":0,"comment_status":"closed","ping_status":"closed","template":"template-pages\/policy.php","meta":{"inline_featured_image":false,"footnotes":""},"class_list":["post-37","page","type-page","status-publish","hentry"],"acf":[],"yoast_head":"<!-- This site is optimized with the Yoast SEO plugin v22.2 - https:\/\/yoast.com\/wordpress\/plugins\/seo\/ -->\n<title>Terms and Conditions - consultoriac<\/title>\n<meta name=\"robots\" content=\"index, follow, max-snippet:-1, max-image-preview:large, max-video-preview:-1\" \/>\n<link rel=\"canonical\" href=\"https:\/\/consultoriac.com\/it\/terms-of-use\/\" \/>\n<meta property=\"og:locale\" content=\"it_IT\" \/>\n<meta property=\"og:type\" content=\"article\" \/>\n<meta property=\"og:title\" content=\"Terms and Conditions - consultoriac\" \/>\n<meta property=\"og:description\" content=\"These Terms and Conditions (&#8220;Terms&#8221;) establish a legally binding agreement between you and SOL CONSULTORIAC 2023 SL (&#8220;Consultoriac&#8221;), registered address: The Ramon Cajal Avenue 17 Marbella 29601, Spain; registration number &#8211; B56315112, regarding your use of our website and its content (referred to as the &#8220;Site&#8221;) accessible at https:\/\/consultoriac.com\/. Please read these terms and conditions [&hellip;]\" \/>\n<meta property=\"og:url\" content=\"https:\/\/consultoriac.com\/it\/terms-of-use\/\" \/>\n<meta property=\"og:site_name\" content=\"consultoriac\" \/>\n<meta property=\"article:modified_time\" content=\"2024-04-01T11:33:29+00:00\" \/>\n<meta name=\"twitter:card\" content=\"summary_large_image\" \/>\n<meta name=\"twitter:label1\" content=\"Tempo di lettura stimato\" \/>\n\t<meta name=\"twitter:data1\" content=\"7 minuti\" \/>\n<script type=\"application\/ld+json\" class=\"yoast-schema-graph\">{\"@context\":\"https:\/\/schema.org\",\"@graph\":[{\"@type\":\"WebPage\",\"@id\":\"https:\/\/consultoriac.com\/terms-of-use\/\",\"url\":\"https:\/\/consultoriac.com\/terms-of-use\/\",\"name\":\"Terms and Conditions - consultoriac\",\"isPartOf\":{\"@id\":\"https:\/\/consultoriac.com\/#website\"},\"datePublished\":\"2024-03-15T13:40:25+00:00\",\"dateModified\":\"2024-04-01T11:33:29+00:00\",\"breadcrumb\":{\"@id\":\"https:\/\/consultoriac.com\/terms-of-use\/#breadcrumb\"},\"inLanguage\":\"it-IT\",\"potentialAction\":[{\"@type\":\"ReadAction\",\"target\":[\"https:\/\/consultoriac.com\/terms-of-use\/\"]}]},{\"@type\":\"BreadcrumbList\",\"@id\":\"https:\/\/consultoriac.com\/terms-of-use\/#breadcrumb\",\"itemListElement\":[{\"@type\":\"ListItem\",\"position\":1,\"name\":\"Home\",\"item\":\"https:\/\/consultoriac.com\/\"},{\"@type\":\"ListItem\",\"position\":2,\"name\":\"Terms and Conditions\"}]},{\"@type\":\"WebSite\",\"@id\":\"https:\/\/consultoriac.com\/#website\",\"url\":\"https:\/\/consultoriac.com\/\",\"name\":\"consultoriac\",\"description\":\"\",\"potentialAction\":[{\"@type\":\"SearchAction\",\"target\":{\"@type\":\"EntryPoint\",\"urlTemplate\":\"https:\/\/consultoriac.com\/?s={search_term_string}\"},\"query-input\":\"required name=search_term_string\"}],\"inLanguage\":\"it-IT\"}]}<\/script>\n<!-- \/ Yoast SEO plugin. -->","yoast_head_json":{"title":"Terms and Conditions - consultoriac","robots":{"index":"index","follow":"follow","max-snippet":"max-snippet:-1","max-image-preview":"max-image-preview:large","max-video-preview":"max-video-preview:-1"},"canonical":"https:\/\/consultoriac.com\/it\/terms-of-use\/","og_locale":"it_IT","og_type":"article","og_title":"Terms and Conditions - consultoriac","og_description":"These Terms and Conditions (&#8220;Terms&#8221;) establish a legally binding agreement between you and SOL CONSULTORIAC 2023 SL (&#8220;Consultoriac&#8221;), registered address: The Ramon Cajal Avenue 17 Marbella 29601, Spain; registration number &#8211; B56315112, regarding your use of our website and its content (referred to as the &#8220;Site&#8221;) accessible at https:\/\/consultoriac.com\/. Please read these terms and conditions [&hellip;]","og_url":"https:\/\/consultoriac.com\/it\/terms-of-use\/","og_site_name":"consultoriac","article_modified_time":"2024-04-01T11:33:29+00:00","twitter_card":"summary_large_image","twitter_misc":{"Tempo di lettura stimato":"7 minuti"},"schema":{"@context":"https:\/\/schema.org","@graph":[{"@type":"WebPage","@id":"https:\/\/consultoriac.com\/terms-of-use\/","url":"https:\/\/consultoriac.com\/terms-of-use\/","name":"Terms and Conditions - consultoriac","isPartOf":{"@id":"https:\/\/consultoriac.com\/#website"},"datePublished":"2024-03-15T13:40:25+00:00","dateModified":"2024-04-01T11:33:29+00:00","breadcrumb":{"@id":"https:\/\/consultoriac.com\/terms-of-use\/#breadcrumb"},"inLanguage":"it-IT","potentialAction":[{"@type":"ReadAction","target":["https:\/\/consultoriac.com\/terms-of-use\/"]}]},{"@type":"BreadcrumbList","@id":"https:\/\/consultoriac.com\/terms-of-use\/#breadcrumb","itemListElement":[{"@type":"ListItem","position":1,"name":"Home","item":"https:\/\/consultoriac.com\/"},{"@type":"ListItem","position":2,"name":"Terms and Conditions"}]},{"@type":"WebSite","@id":"https:\/\/consultoriac.com\/#website","url":"https:\/\/consultoriac.com\/","name":"consultoriac","description":"","potentialAction":[{"@type":"SearchAction","target":{"@type":"EntryPoint","urlTemplate":"https:\/\/consultoriac.com\/?s={search_term_string}"},"query-input":"required name=search_term_string"}],"inLanguage":"it-IT"}]}},"_links":{"self":[{"href":"https:\/\/consultoriac.com\/it\/wp-json\/wp\/v2\/pages\/37","targetHints":{"allow":["GET"]}}],"collection":[{"href":"https:\/\/consultoriac.com\/it\/wp-json\/wp\/v2\/pages"}],"about":[{"href":"https:\/\/consultoriac.com\/it\/wp-json\/wp\/v2\/types\/page"}],"author":[{"embeddable":true,"href":"https:\/\/consultoriac.com\/it\/wp-json\/wp\/v2\/users\/1"}],"replies":[{"embeddable":true,"href":"https:\/\/consultoriac.com\/it\/wp-json\/wp\/v2\/comments?post=37"}],"version-history":[{"count":13,"href":"https:\/\/consultoriac.com\/it\/wp-json\/wp\/v2\/pages\/37\/revisions"}],"predecessor-version":[{"id":179,"href":"https:\/\/consultoriac.com\/it\/wp-json\/wp\/v2\/pages\/37\/revisions\/179"}],"wp:attachment":[{"href":"https:\/\/consultoriac.com\/it\/wp-json\/wp\/v2\/media?parent=37"}],"curies":[{"name":"wp","href":"https:\/\/api.w.org\/{rel}","templated":true}]}}