{"id":39,"date":"2024-03-15T13:40:40","date_gmt":"2024-03-15T13:40:40","guid":{"rendered":"https:\/\/consultoriac.com\/?page_id=39"},"modified":"2024-03-22T09:46:41","modified_gmt":"2024-03-22T09:46:41","slug":"cookie-preferences","status":"publish","type":"page","link":"https:\/\/consultoriac.com\/es\/cookie-preferences\/","title":{"rendered":"Preferencias de cookies"},"content":{"rendered":"<p>Consultoriac (\"nosotros\" o \"nuestro\") gestiona el sitio web <a href=\"https:\/\/consultoriac.com\/es\/\">https:\/\/consultoriac.com\/<\/a> (el \"Servicio\"). Esta p\u00e1gina le informa de nuestras pol\u00edticas de recogida, uso y divulgaci\u00f3n de datos personales cuando utiliza nuestro Servicio y de las opciones que tiene asociadas a esos datos.<\/p>\n\n\n\n<h2 class=\"wp-block-heading\"><strong>\u00bfQu\u00e9 son las cookies?<\/strong><\/h2>\n\n\n\n<p>Las cookies son peque\u00f1os archivos de texto que los sitios web que visita env\u00edan a su navegador. Se almacenan en el disco duro de su dispositivo y contienen informaci\u00f3n sobre sus preferencias y su historial de navegaci\u00f3n.&nbsp;<\/p>\n\n\n\n<p>Puede haber cookies de sesi\u00f3n o cookies persistentes. Las cookies de sesi\u00f3n se eliminan al cerrar el navegador, mientras que las cookies persistentes permanecen en el dispositivo hasta que caducan o se eliminan manualmente.<\/p>\n\n\n\n<h2 class=\"wp-block-heading\"><strong>C\u00f3mo utilizamos las cookies<\/strong><\/h2>\n\n\n\n<p>Podemos colocar varios archivos de cookies en su navegador web cuando accede a nuestro Servicio. Utilizamos cookies con los siguientes fines:<\/p>\n\n\n\n<ul class=\"wp-block-list\">\n<li>Para proporcionar y mantener nuestro Servicio: Utilizamos cookies para autenticar a los usuarios y evitar actividades fraudulentas.<\/li>\n\n\n\n<li>Para personalizar su experiencia, utilizamos cookies para recordar sus preferencias y configuraciones.<\/li>\n\n\n\n<li>Para analizar c\u00f3mo se utiliza nuestro Servicio: Utilizamos cookies para entender los patrones de uso y mejorar la funcionalidad de nuestro Servicio.<\/li>\n\n\n\n<li>Para mostrar anuncios personalizados: Podemos utilizar cookies para rastrear el comportamiento de navegaci\u00f3n y ofrecer publicidad personalizada basada en sus intereses.<\/li>\n<\/ul>\n\n\n\n<h2 class=\"wp-block-heading\"><strong>Cookies de terceros<\/strong><\/h2>\n\n\n\n<p>Adem\u00e1s de nuestras cookies, tambi\u00e9n podemos utilizar cookies de terceros para elaborar estad\u00edsticas de uso, ofrecer publicidad en el Servicio y a trav\u00e9s de \u00e9l, etc.<\/p>\n\n\n\n<h2 class=\"wp-block-heading\"><strong>\u00bfCu\u00e1les son sus opciones en relaci\u00f3n con las cookies?<\/strong><\/h2>\n\n\n\n<p>Si desea eliminar las cookies o indicar a su navegador que las rechace, visite las p\u00e1ginas de ayuda de su navegador. Tenga en cuenta, no obstante, que si borra las cookies o se niega a aceptarlas, es posible que no pueda utilizar todas las funciones de nuestro Servicio y que no se recuerden sus preferencias.<\/p>\n\n\n\n<ul class=\"wp-block-list\">\n<li>Para el <strong>Navegador Chrome<\/strong>visite esta p\u00e1gina de Google: https:\/\/support.google.com\/accounts\/answer\/32050<\/li>\n\n\n\n<li>Para el<strong> Web Edge<\/strong> <strong>navegador<\/strong>visite esta p\u00e1gina de Microsoft: http:\/\/support.microsoft.com\/kb\/278835<\/li>\n\n\n\n<li>Para el <strong>Navegador Firefox<\/strong>visite esta p\u00e1gina de Mozilla: https:\/\/support.mozilla.org\/en-US\/kb\/delete-cookies-remove-info-websites-stored<\/li>\n\n\n\n<li>Para el <strong>Navegador Safari<\/strong>visite esta p\u00e1gina de Apple: https:\/\/support.apple.com\/guide\/safari\/manage-cookies-and-website-data-sfri11471\/mac<\/li>\n<\/ul>\n\n\n\n<h2 class=\"wp-block-heading\"><strong>Cambios en esta pol\u00edtica de cookies<\/strong><\/h2>\n\n\n\n<p>Podemos actualizar nuestra Pol\u00edtica de Cookies de vez en cuando. Le notificaremos cualquier cambio publicando la nueva Pol\u00edtica de Cookies en esta p\u00e1gina.<\/p>\n\n\n\n<h2 class=\"wp-block-heading\"><strong>Contacte con nosotros<\/strong><\/h2>\n\n\n\n<p>Si tiene alguna pregunta sobre esta Pol\u00edtica de Cookies, p\u00f3ngase en contacto con nosotros:<\/p>\n\n\n\n<ul class=\"wp-block-list\">\n<li>Correo electr\u00f3nico:&nbsp; <a href=\"mailto:info@consultoriac.com\">info@consultoriac.com<\/a><\/li>\n\n\n\n<li>Tel\u00e9fono: <a href=\"tel: 34919930867\">+34919930867<\/a><\/li>\n\n\n\n<li>P\u00e1gina web: <a href=\"https:\/\/consultoriac.com\/es\/contact-us\/\">https:\/\/consultoriac.com\/contact-us\/<\/a>&nbsp;<\/li>\n<\/ul>","protected":false},"excerpt":{"rendered":"<p>Consultoriac (\"nosotros\" o \"nuestro\") gestiona el sitio web https:\/\/consultoriac.com\/ (el \"Servicio\"). Esta p\u00e1gina le informa de nuestras pol\u00edticas relativas a la recogida, uso y divulgaci\u00f3n de datos personales cuando utiliza nuestro Servicio y de las opciones que tiene asociadas a dichos datos. \u00bfQu\u00e9 son las cookies? Las cookies son peque\u00f1os archivos de texto que un sitio web env\u00eda a su navegador [...]<\/p>","protected":false},"author":1,"featured_media":0,"parent":0,"menu_order":0,"comment_status":"closed","ping_status":"closed","template":"template-pages\/policy.php","meta":{"inline_featured_image":false,"footnotes":""},"class_list":["post-39","page","type-page","status-publish","hentry"],"acf":[],"yoast_head":"<!-- This site is optimized with the Yoast SEO plugin v22.2 - https:\/\/yoast.com\/wordpress\/plugins\/seo\/ -->\n<title>Cookie Preferences - consultoriac<\/title>\n<meta name=\"robots\" content=\"index, follow, max-snippet:-1, max-image-preview:large, max-video-preview:-1\" \/>\n<link rel=\"canonical\" href=\"https:\/\/consultoriac.com\/es\/cookie-preferences\/\" \/>\n<meta property=\"og:locale\" content=\"es_ES\" \/>\n<meta property=\"og:type\" content=\"article\" \/>\n<meta property=\"og:title\" content=\"Cookie Preferences - consultoriac\" \/>\n<meta property=\"og:description\" content=\"Consultoriac (&#8220;us,&#8221; &#8220;we,&#8221; or &#8220;our&#8221;) operates the website https:\/\/consultoriac.com\/ (the &#8220;Service&#8221;). This page informs you of our policies regarding collecting, using, and disclosing personal data when you use our Service and the choices you have associated with that data. What are Cookies? Cookies are small text files sent to your web browser by a website [&hellip;]\" \/>\n<meta property=\"og:url\" content=\"https:\/\/consultoriac.com\/es\/cookie-preferences\/\" \/>\n<meta property=\"og:site_name\" content=\"consultoriac\" \/>\n<meta property=\"article:modified_time\" content=\"2024-03-22T09:46:41+00:00\" \/>\n<meta name=\"twitter:card\" content=\"summary_large_image\" \/>\n<meta name=\"twitter:label1\" content=\"Tiempo de lectura\" \/>\n\t<meta name=\"twitter:data1\" content=\"2 minutos\" \/>\n<script type=\"application\/ld+json\" class=\"yoast-schema-graph\">{\"@context\":\"https:\/\/schema.org\",\"@graph\":[{\"@type\":\"WebPage\",\"@id\":\"https:\/\/consultoriac.com\/cookie-preferences\/\",\"url\":\"https:\/\/consultoriac.com\/cookie-preferences\/\",\"name\":\"Cookie Preferences - consultoriac\",\"isPartOf\":{\"@id\":\"https:\/\/consultoriac.com\/#website\"},\"datePublished\":\"2024-03-15T13:40:40+00:00\",\"dateModified\":\"2024-03-22T09:46:41+00:00\",\"breadcrumb\":{\"@id\":\"https:\/\/consultoriac.com\/cookie-preferences\/#breadcrumb\"},\"inLanguage\":\"es\",\"potentialAction\":[{\"@type\":\"ReadAction\",\"target\":[\"https:\/\/consultoriac.com\/cookie-preferences\/\"]}]},{\"@type\":\"BreadcrumbList\",\"@id\":\"https:\/\/consultoriac.com\/cookie-preferences\/#breadcrumb\",\"itemListElement\":[{\"@type\":\"ListItem\",\"position\":1,\"name\":\"Home\",\"item\":\"https:\/\/consultoriac.com\/\"},{\"@type\":\"ListItem\",\"position\":2,\"name\":\"Cookie Preferences\"}]},{\"@type\":\"WebSite\",\"@id\":\"https:\/\/consultoriac.com\/#website\",\"url\":\"https:\/\/consultoriac.com\/\",\"name\":\"consultoriac\",\"description\":\"\",\"potentialAction\":[{\"@type\":\"SearchAction\",\"target\":{\"@type\":\"EntryPoint\",\"urlTemplate\":\"https:\/\/consultoriac.com\/?s={search_term_string}\"},\"query-input\":\"required name=search_term_string\"}],\"inLanguage\":\"es\"}]}<\/script>\n<!-- \/ Yoast SEO plugin. -->","yoast_head_json":{"title":"Cookie Preferences - consultoriac","robots":{"index":"index","follow":"follow","max-snippet":"max-snippet:-1","max-image-preview":"max-image-preview:large","max-video-preview":"max-video-preview:-1"},"canonical":"https:\/\/consultoriac.com\/es\/cookie-preferences\/","og_locale":"es_ES","og_type":"article","og_title":"Cookie Preferences - consultoriac","og_description":"Consultoriac (&#8220;us,&#8221; &#8220;we,&#8221; or &#8220;our&#8221;) operates the website https:\/\/consultoriac.com\/ (the &#8220;Service&#8221;). This page informs you of our policies regarding collecting, using, and disclosing personal data when you use our Service and the choices you have associated with that data. What are Cookies? Cookies are small text files sent to your web browser by a website [&hellip;]","og_url":"https:\/\/consultoriac.com\/es\/cookie-preferences\/","og_site_name":"consultoriac","article_modified_time":"2024-03-22T09:46:41+00:00","twitter_card":"summary_large_image","twitter_misc":{"Tiempo de lectura":"2 minutos"},"schema":{"@context":"https:\/\/schema.org","@graph":[{"@type":"WebPage","@id":"https:\/\/consultoriac.com\/cookie-preferences\/","url":"https:\/\/consultoriac.com\/cookie-preferences\/","name":"Cookie Preferences - consultoriac","isPartOf":{"@id":"https:\/\/consultoriac.com\/#website"},"datePublished":"2024-03-15T13:40:40+00:00","dateModified":"2024-03-22T09:46:41+00:00","breadcrumb":{"@id":"https:\/\/consultoriac.com\/cookie-preferences\/#breadcrumb"},"inLanguage":"es","potentialAction":[{"@type":"ReadAction","target":["https:\/\/consultoriac.com\/cookie-preferences\/"]}]},{"@type":"BreadcrumbList","@id":"https:\/\/consultoriac.com\/cookie-preferences\/#breadcrumb","itemListElement":[{"@type":"ListItem","position":1,"name":"Home","item":"https:\/\/consultoriac.com\/"},{"@type":"ListItem","position":2,"name":"Cookie Preferences"}]},{"@type":"WebSite","@id":"https:\/\/consultoriac.com\/#website","url":"https:\/\/consultoriac.com\/","name":"consultoriac","description":"","potentialAction":[{"@type":"SearchAction","target":{"@type":"EntryPoint","urlTemplate":"https:\/\/consultoriac.com\/?s={search_term_string}"},"query-input":"required name=search_term_string"}],"inLanguage":"es"}]}},"_links":{"self":[{"href":"https:\/\/consultoriac.com\/es\/wp-json\/wp\/v2\/pages\/39","targetHints":{"allow":["GET"]}}],"collection":[{"href":"https:\/\/consultoriac.com\/es\/wp-json\/wp\/v2\/pages"}],"about":[{"href":"https:\/\/consultoriac.com\/es\/wp-json\/wp\/v2\/types\/page"}],"author":[{"embeddable":true,"href":"https:\/\/consultoriac.com\/es\/wp-json\/wp\/v2\/users\/1"}],"replies":[{"embeddable":true,"href":"https:\/\/consultoriac.com\/es\/wp-json\/wp\/v2\/comments?post=39"}],"version-history":[{"count":4,"href":"https:\/\/consultoriac.com\/es\/wp-json\/wp\/v2\/pages\/39\/revisions"}],"predecessor-version":[{"id":162,"href":"https:\/\/consultoriac.com\/es\/wp-json\/wp\/v2\/pages\/39\/revisions\/162"}],"wp:attachment":[{"href":"https:\/\/consultoriac.com\/es\/wp-json\/wp\/v2\/media?parent=39"}],"curies":[{"name":"wp","href":"https:\/\/api.w.org\/{rel}","templated":true}]}}