{"id":37,"date":"2024-03-15T13:40:25","date_gmt":"2024-03-15T13:40:25","guid":{"rendered":"https:\/\/consultoriac.com\/?page_id=37"},"modified":"2024-04-01T11:33:29","modified_gmt":"2024-04-01T11:33:29","slug":"terms-of-use","status":"publish","type":"page","link":"https:\/\/consultoriac.com\/es\/terms-of-use\/","title":{"rendered":"Condiciones generales"},"content":{"rendered":"<p>Estos T\u00e9rminos y Condiciones (\"T\u00e9rminos\") establecen un acuerdo legalmente vinculante entre usted y SOL CONSULTORIAC 2023 SL (\"Consultoriac\"), domicilio social: Avenida Ram\u00f3n Cajal 17 Marbella 29601, Espa\u00f1a; n\u00famero de registro - B56315112, en relaci\u00f3n con su uso de nuestro sitio web y su contenido (referido como el \"Sitio\") accesible en<a href=\"https:\/\/consultoriac.com\/es\/\"> <\/a><a href=\"https:\/\/consultoriac.com\/es\/\">https:\/\/consultoriac.com\/<\/a>.<br><\/p>\n\n\n\n<p><br>Por favor, lea atentamente estos t\u00e9rminos y condiciones. Al acceder, navegar, revisar y\/o utilizar el Sitio, usted reconoce y acepta que ha le\u00eddo, comprendido y aceptado quedar vinculado por estos t\u00e9rminos y condiciones sin limitaciones ni reservas. Tambi\u00e9n acepta cumplir todas las leyes y normativas aplicables. Si no est\u00e1 de acuerdo con estos t\u00e9rminos y condiciones, no utilice el Sitio.<br><\/p>\n\n\n\n<p><br>El Sitio puede incluir avisos adicionales de propiedad e informaci\u00f3n sobre derechos de autor, que usted debe observar y seguir. La informaci\u00f3n del Sitio puede contener imprecisiones t\u00e9cnicas o errores tipogr\u00e1ficos. Consultoriac se reserva el derecho de revisar, enmendar, modificar o eliminar partes de estos t\u00e9rminos y condiciones sin previo aviso. Usted debe leer la versi\u00f3n m\u00e1s actualizada de estos t\u00e9rminos y condiciones. Su uso continuado del Sitio constituye su aceptaci\u00f3n de cualquier revisi\u00f3n, enmienda, modificaci\u00f3n o supresi\u00f3n de estos t\u00e9rminos y condiciones.<\/p>\n\n\n\n<h2 class=\"wp-block-heading\"><strong>Acceso al sitio web y restricciones de uso<\/strong><\/h2>\n\n\n\n<p>Su uso del Sitio, incluidas todas las caracter\u00edsticas y funcionalidades asociadas adem\u00e1s de eso, se regir\u00e1 por todas las leyes, normas, reglamentos u otras restricciones aplicables al uso del servicio o del Contenido. Usted deber\u00e1 cumplir con estos t\u00e9rminos y condiciones y no deber\u00e1:<\/p>\n\n\n\n<ol class=\"wp-block-list\">\n<li>Archivar, descargar, reproducir, distribuir, modificar, mostrar, ejecutar, publicar, conceder licencias, crear obras derivadas, poner a la venta o utilizar cualquier Contenido o informaci\u00f3n obtenida de o a trav\u00e9s del Sitio.<\/li>\n\n\n\n<li>Eliminar los avisos de copyright u otros derechos de propiedad del Sitio o de cualquier Contenido.<\/li>\n\n\n\n<li>Eludir, eliminar, alterar, desactivar, degradar o frustrar cualquier contenido u otras protecciones habilitadas en el Sitio.<\/li>\n\n\n\n<li>Utilizar cualquier robot, spider, scraper u otro medio automatizado para acceder al Sitio.<\/li>\n\n\n\n<li>Descompilar, realizar ingenier\u00eda inversa o desensamblar cualquier software, otros productos o procesos accesibles a trav\u00e9s del Sitio.<\/li>\n\n\n\n<li>Insertar cualquier c\u00f3digo o producto o manipular el Sitio de cualquier forma.<\/li>\n\n\n\n<li>Utilizar cualquier m\u00e9todo de miner\u00eda, recopilaci\u00f3n o extracci\u00f3n de datos.<\/li>\n\n\n\n<li>Cargar, publicar, enviar por correo electr\u00f3nico o de cualquier otro modo enviar o transmitir cualquier material dise\u00f1ado para interrumpir, destruir o limitar la funcionalidad de cualquier software, hardware o equipo de telecomunicaciones asociado con el Sitio, incluyendo cualquier virus de software o cualquier otro c\u00f3digo inform\u00e1tico, archivos o programas.<\/li>\n\n\n\n<li>Eliminar, modificar, desactivar, bloquear, deteriorar u ocultar cualquier publicidad relacionada con el Sitio.<\/li>\n\n\n\n<li>Usar o fomentar el uso del Sitio para cualquier fin ilegal o en violaci\u00f3n de cualquier ley local, estatal, nacional o internacional, incluyendo, sin limitaci\u00f3n, las leyes que rigen la propiedad intelectual y otros derechos de propiedad, protecci\u00f3n de datos y privacidad.<\/li>\n<\/ol>\n\n\n\n<p>Consultoriac tiene derecho a modificar, suspender o interrumpir el Sitio Web o su acceso o uso del Sitio Web en cualquier momento y por cualquier motivo sin previo aviso ni responsabilidad para con usted o terceros. El Sitio puede dejar de estar disponible debido al mantenimiento o mal funcionamiento del equipo inform\u00e1tico o por otras razones y puede dar lugar a da\u00f1os en sus sistemas, software, datos u operaciones por los que Consultoriac no asumir\u00e1 ninguna responsabilidad.<\/p>\n\n\n\n<h2 class=\"wp-block-heading\"><strong>Hiperenlace<\/strong><\/h2>\n\n\n\n<p>Consultoriac no se hace responsable de ning\u00fan otro sitio web al que pueda acceder a trav\u00e9s de \u00e9ste. Cuando acceda a un sitio web que no sea de Consultoriac, comprenda que es independiente de Consultoriac y que Consultoriac no tiene control alguno sobre su contenido, aunque Consultoriac proporcione informaci\u00f3n o servicios al propietario de dicho sitio web. Adem\u00e1s, un enlace a un sitio web no Consultoriac no significa que Consultoriac apruebe o acepte ninguna responsabilidad por el contenido o el uso de dicho sitio web. Consultoriac declina toda responsabilidad por dichos contenidos. Usted debe tomar las precauciones necesarias para asegurarse de que todo lo que seleccione para su uso est\u00e1 libre de virus y otros elementos de naturaleza destructiva.<\/p>\n\n\n\n<h2 class=\"wp-block-heading\"><strong>Derechos de autor y uso del contenido del sitio<\/strong><\/h2>\n\n\n\n<p>Todos los materiales, caracter\u00edsticas y funcionalidades del sitio web de Consultoriac, incluyendo textos, gr\u00e1ficos, videos, grabaciones de audio, software, ilustraciones, interfaces, fotograf\u00edas, logotipos, iconos e im\u00e1genes (\"Contenido\"), son propiedad exclusiva de Consultoriac y est\u00e1n protegidos por las leyes aplicables. Queda prohibido copiar, reproducir, distribuir, volver a publicar, descargar, mostrar, publicar o transmitir cualquier Contenido en cualquier forma o por cualquier medio sin el permiso previo por escrito de Consultoriac o del propietario de los derechos de autor. El uso no autorizado del Contenido puede violar los derechos de autor, marca registrada, privacidad y otras regulaciones. Usted es responsable de asegurar que cualquier informaci\u00f3n o Contenido obtenido del sitio web de Consultoriac est\u00e9 libre de virus u otros componentes da\u00f1inos.<\/p>\n\n\n\n<h2 class=\"wp-block-heading\"><strong>Marcas<\/strong><\/h2>\n\n\n\n<p>Las marcas comerciales, marcas de servicio, logotipos y nombres comerciales (\"Marcas\") utilizados y mostrados en el sitio web de Consultoriac, incluyendo \"Consultoriac\", son marcas registradas y no registradas de Consultoriac. Otras marcas, marcas de servicio, logotipos y nombres comerciales pueden ser propiedad de terceros. Nada en el sitio web debe interpretarse como una concesi\u00f3n, por implicaci\u00f3n, impedimento, o de otro modo, de cualquier licencia o derecho a utilizar cualquier marca u otra propiedad intelectual de Consultoriac que aparezca en el sitio web. Consultoriac protege en\u00e9rgicamente sus derechos de propiedad intelectual. Queda prohibida la utilizaci\u00f3n de la marca y del nombre comercial de Consultoriac, as\u00ed como de cualquier otra marca, sin la autorizaci\u00f3n previa por escrito de Consultoriac. El uso de las marcas de Consultoriac como parte de un enlace hacia o desde cualquier sitio requiere la aprobaci\u00f3n previa por escrito de Consultoriac.<\/p>\n\n\n\n<h2 class=\"wp-block-heading\"><strong>Exclusi\u00f3n de garant\u00edas<\/strong><\/h2>\n\n\n\n<p>El sitio y su contenido se proporcionan \"tal cual\" y \"seg\u00fan disponibilidad\", sin ninguna garant\u00eda. En la medida en que lo permita la legislaci\u00f3n aplicable, renunciamos a todas las garant\u00edas, expresas, impl\u00edcitas, legales o de otro tipo, incluidas, entre otras, las garant\u00edas de comerciabilidad, idoneidad para un fin determinado, titularidad y no infracci\u00f3n. En concreto, no declaramos ni garantizamos que la informaci\u00f3n contenida en el sitio web sea correcta, precisa o fiable; que las funciones contenidas en el sitio web no sufran interrupciones o est\u00e9n libres de errores; ni que se corrijan los defectos, ni que el sitio web o el servidor que lo pone a disposici\u00f3n est\u00e9n libres de virus u otros componentes da\u00f1inos. <\/p>\n\n\n\n<h2 class=\"wp-block-heading\"><strong>Limitaci\u00f3n de responsabilidad<\/strong><\/h2>\n\n\n\n<p>En ning\u00fan caso Consultoriac o cualquiera de sus predecesores, sucesores, matrices, filiales, afiliados, funcionarios, directores, accionistas, inversores, empleados, agentes, representantes, abogados y sus respectivos herederos, sucesores y cesionarios ser\u00e1n responsables de ning\u00fan da\u00f1o, incluyendo da\u00f1os directos, incidentales, punitivos, especiales, consecuentes o ejemplares que directa o indirectamente resulten del uso de, o la imposibilidad de utilizar el sitio o la informaci\u00f3n, contenido, software, productos y servicios anunciados o contenidos en el sitio u obtenidos de otro modo de o derivados de su uso del sitio, incluidos los virus supuestamente obtenidos del sitio, ya sea basado en contrato, agravio (incluyendo negligencia), responsabilidad estricta o de otro tipo, incluso si Consultoriac ha sido advertido de la posibilidad de tales da\u00f1os. Esta renuncia se aplica, sin limitaci\u00f3n, a cualquier da\u00f1o o perjuicio derivado de cualquier fallo de rendimiento, error, omisi\u00f3n, interrupci\u00f3n, supresi\u00f3n, defecto, retraso en la operaci\u00f3n o transmisi\u00f3n, virus inform\u00e1tico, corrupci\u00f3n de archivos, fallo en la l\u00ednea de comunicaci\u00f3n, corte de red o sistema, o robo, destrucci\u00f3n, acceso no autorizado, alteraci\u00f3n o uso de cualquier registro.<\/p>\n\n\n\n<h2 class=\"wp-block-heading\"><strong>Indemnizaci\u00f3n<\/strong><\/h2>\n\n\n\n<p>Usted se compromete a indemnizar, defender y mantener indemne a Consultoriac y todos sus predecesores, sucesores, empresas matrices, subsidiarias, filiales, funcionarios, directores, accionistas, inversores, empleados, agentes, representantes y abogados y sus respectivos herederos, sucesores y cesionarios (colectivamente, las \"Partes Indemnizadas\") de y contra cualquier responsabilidad y costos, incluyendo, sin limitaci\u00f3n, honorarios razonables de abogados, incurridos por cualquiera o todas las Partes Indemnizadas en relaci\u00f3n con cualquier reclamaci\u00f3n que surja de o en relaci\u00f3n con:&nbsp;<\/p>\n\n\n\n<p><br>(i) su acceso o uso del Sitio, o&nbsp;<\/p>\n\n\n\n<p><br>(ii) cualquier incumplimiento por su parte de las presentes Condiciones o de las declaraciones, garant\u00edas y pactos que haya realizado al aceptar las presentes Condiciones.&nbsp;<\/p>\n\n\n\n<p><br>Usted cooperar\u00e1 tan plenamente como sea razonablemente necesario para defender cualquier reclamaci\u00f3n de este tipo. Consultoriac se reserva el derecho, a su costa, de asumir la defensa y el control exclusivos de cualquier asunto sujeto a su indemnizaci\u00f3n.<\/p>\n\n\n\n<h2 class=\"wp-block-heading\"><strong>Jurisdicci\u00f3n<\/strong><\/h2>\n\n\n\n<p>Estos t\u00e9rminos y condiciones se rigen e interpretan bajo las leyes de Espa\u00f1a, sin perjuicio de cualquier principio de conflicto de leyes. Usted acepta expresamente que la jurisdicci\u00f3n exclusiva reside en los tribunales de Espa\u00f1a. Asimismo, acepta y consiente el ejercicio de la jurisdicci\u00f3n personal en Espa\u00f1a en relaci\u00f3n con cualquier disputa o reclamaci\u00f3n que implique a Consultoriac. Si alguna parte de estos t\u00e9rminos y condiciones es ilegal, nula o inaplicable, dicha parte se considerar\u00e1 separable y no afectar\u00e1 a la validez y aplicabilidad de las disposiciones restantes.<\/p>\n\n\n\n<h2 class=\"wp-block-heading\"><strong>Acuerdo completo<\/strong><\/h2>\n\n\n\n<p>Este acuerdo comprende la totalidad del entendimiento entre usted y Consultoriac en relaci\u00f3n con el objeto y anula todos los entendimientos o acuerdos anteriores o simult\u00e1neos, ya sean escritos u orales, sobre el objeto. Cualquier renuncia a cualquier disposici\u00f3n de este acuerdo s\u00f3lo ser\u00e1 efectiva si se realiza por escrito y est\u00e1 firmada por Consultoriac. La falta de aplicaci\u00f3n de cualquier disposici\u00f3n de este acuerdo no constituir\u00e1 una renuncia a un futuro incumplimiento de esa o cualquier otra disposici\u00f3n del mismo.<\/p>\n\n\n\n<h2 class=\"wp-block-heading\"><strong>Contacte con nosotros<\/strong><\/h2>\n\n\n\n<p>Si tiene alguna pregunta o duda sobre estas Condiciones, p\u00f3ngase en contacto con nosotros utilizando la siguiente informaci\u00f3n:<\/p>\n\n\n\n<ul class=\"wp-block-list\">\n<li>Correo electr\u00f3nico:&nbsp; <a href=\"mailto:info@consultoriac.com\">info@consultoriac.com<\/a><\/li>\n\n\n\n<li>Tel\u00e9fono: <a href=\"tel: 34919930867\">+34919930867<\/a><\/li>\n\n\n\n<li>P\u00e1gina web: <a href=\"https:\/\/consultoriac.com\/es\/contact-us\/\">https:\/\/consultoriac.com\/contact-us\/<\/a>&nbsp;<\/li>\n<\/ul>\n\n\n\n<p>Estamos a su disposici\u00f3n para ayudarle y responder a cualquier pregunta que pueda tener en relaci\u00f3n con estas condiciones.<\/p>","protected":false},"excerpt":{"rendered":"<p>Estos T\u00e9rminos y Condiciones (\"T\u00e9rminos\") establecen un acuerdo legalmente vinculante entre usted y SOL CONSULTORIAC 2023 SL (\"Consultoriac\"), domicilio social: La Avenida Ram\u00f3n Cajal 17 Marbella 29601, Espa\u00f1a; n\u00famero de registro - B56315112, en relaci\u00f3n con su uso de nuestro sitio web y su contenido (denominado el \"Sitio\") accesible en https:\/\/consultoriac.com\/. Por favor, lea estos t\u00e9rminos y condiciones [...]<\/p>","protected":false},"author":1,"featured_media":0,"parent":0,"menu_order":0,"comment_status":"closed","ping_status":"closed","template":"template-pages\/policy.php","meta":{"inline_featured_image":false,"footnotes":""},"class_list":["post-37","page","type-page","status-publish","hentry"],"acf":[],"yoast_head":"<!-- This site is optimized with the Yoast SEO plugin v22.2 - https:\/\/yoast.com\/wordpress\/plugins\/seo\/ -->\n<title>Terms and Conditions - consultoriac<\/title>\n<meta name=\"robots\" content=\"index, follow, max-snippet:-1, max-image-preview:large, max-video-preview:-1\" \/>\n<link rel=\"canonical\" href=\"https:\/\/consultoriac.com\/es\/terms-of-use\/\" \/>\n<meta property=\"og:locale\" content=\"es_ES\" \/>\n<meta property=\"og:type\" content=\"article\" \/>\n<meta property=\"og:title\" content=\"Terms and Conditions - consultoriac\" \/>\n<meta property=\"og:description\" content=\"These Terms and Conditions (&#8220;Terms&#8221;) establish a legally binding agreement between you and SOL CONSULTORIAC 2023 SL (&#8220;Consultoriac&#8221;), registered address: The Ramon Cajal Avenue 17 Marbella 29601, Spain; registration number &#8211; B56315112, regarding your use of our website and its content (referred to as the &#8220;Site&#8221;) accessible at https:\/\/consultoriac.com\/. Please read these terms and conditions [&hellip;]\" \/>\n<meta property=\"og:url\" content=\"https:\/\/consultoriac.com\/es\/terms-of-use\/\" \/>\n<meta property=\"og:site_name\" content=\"consultoriac\" \/>\n<meta property=\"article:modified_time\" content=\"2024-04-01T11:33:29+00:00\" \/>\n<meta name=\"twitter:card\" content=\"summary_large_image\" \/>\n<meta name=\"twitter:label1\" content=\"Tiempo de lectura\" \/>\n\t<meta name=\"twitter:data1\" content=\"7 minutos\" \/>\n<script type=\"application\/ld+json\" class=\"yoast-schema-graph\">{\"@context\":\"https:\/\/schema.org\",\"@graph\":[{\"@type\":\"WebPage\",\"@id\":\"https:\/\/consultoriac.com\/terms-of-use\/\",\"url\":\"https:\/\/consultoriac.com\/terms-of-use\/\",\"name\":\"Terms and Conditions - consultoriac\",\"isPartOf\":{\"@id\":\"https:\/\/consultoriac.com\/#website\"},\"datePublished\":\"2024-03-15T13:40:25+00:00\",\"dateModified\":\"2024-04-01T11:33:29+00:00\",\"breadcrumb\":{\"@id\":\"https:\/\/consultoriac.com\/terms-of-use\/#breadcrumb\"},\"inLanguage\":\"es\",\"potentialAction\":[{\"@type\":\"ReadAction\",\"target\":[\"https:\/\/consultoriac.com\/terms-of-use\/\"]}]},{\"@type\":\"BreadcrumbList\",\"@id\":\"https:\/\/consultoriac.com\/terms-of-use\/#breadcrumb\",\"itemListElement\":[{\"@type\":\"ListItem\",\"position\":1,\"name\":\"Home\",\"item\":\"https:\/\/consultoriac.com\/\"},{\"@type\":\"ListItem\",\"position\":2,\"name\":\"Terms and Conditions\"}]},{\"@type\":\"WebSite\",\"@id\":\"https:\/\/consultoriac.com\/#website\",\"url\":\"https:\/\/consultoriac.com\/\",\"name\":\"consultoriac\",\"description\":\"\",\"potentialAction\":[{\"@type\":\"SearchAction\",\"target\":{\"@type\":\"EntryPoint\",\"urlTemplate\":\"https:\/\/consultoriac.com\/?s={search_term_string}\"},\"query-input\":\"required name=search_term_string\"}],\"inLanguage\":\"es\"}]}<\/script>\n<!-- \/ Yoast SEO plugin. -->","yoast_head_json":{"title":"Terms and Conditions - consultoriac","robots":{"index":"index","follow":"follow","max-snippet":"max-snippet:-1","max-image-preview":"max-image-preview:large","max-video-preview":"max-video-preview:-1"},"canonical":"https:\/\/consultoriac.com\/es\/terms-of-use\/","og_locale":"es_ES","og_type":"article","og_title":"Terms and Conditions - consultoriac","og_description":"These Terms and Conditions (&#8220;Terms&#8221;) establish a legally binding agreement between you and SOL CONSULTORIAC 2023 SL (&#8220;Consultoriac&#8221;), registered address: The Ramon Cajal Avenue 17 Marbella 29601, Spain; registration number &#8211; B56315112, regarding your use of our website and its content (referred to as the &#8220;Site&#8221;) accessible at https:\/\/consultoriac.com\/. Please read these terms and conditions [&hellip;]","og_url":"https:\/\/consultoriac.com\/es\/terms-of-use\/","og_site_name":"consultoriac","article_modified_time":"2024-04-01T11:33:29+00:00","twitter_card":"summary_large_image","twitter_misc":{"Tiempo de lectura":"7 minutos"},"schema":{"@context":"https:\/\/schema.org","@graph":[{"@type":"WebPage","@id":"https:\/\/consultoriac.com\/terms-of-use\/","url":"https:\/\/consultoriac.com\/terms-of-use\/","name":"Terms and Conditions - consultoriac","isPartOf":{"@id":"https:\/\/consultoriac.com\/#website"},"datePublished":"2024-03-15T13:40:25+00:00","dateModified":"2024-04-01T11:33:29+00:00","breadcrumb":{"@id":"https:\/\/consultoriac.com\/terms-of-use\/#breadcrumb"},"inLanguage":"es","potentialAction":[{"@type":"ReadAction","target":["https:\/\/consultoriac.com\/terms-of-use\/"]}]},{"@type":"BreadcrumbList","@id":"https:\/\/consultoriac.com\/terms-of-use\/#breadcrumb","itemListElement":[{"@type":"ListItem","position":1,"name":"Home","item":"https:\/\/consultoriac.com\/"},{"@type":"ListItem","position":2,"name":"Terms and Conditions"}]},{"@type":"WebSite","@id":"https:\/\/consultoriac.com\/#website","url":"https:\/\/consultoriac.com\/","name":"consultoriac","description":"","potentialAction":[{"@type":"SearchAction","target":{"@type":"EntryPoint","urlTemplate":"https:\/\/consultoriac.com\/?s={search_term_string}"},"query-input":"required name=search_term_string"}],"inLanguage":"es"}]}},"_links":{"self":[{"href":"https:\/\/consultoriac.com\/es\/wp-json\/wp\/v2\/pages\/37","targetHints":{"allow":["GET"]}}],"collection":[{"href":"https:\/\/consultoriac.com\/es\/wp-json\/wp\/v2\/pages"}],"about":[{"href":"https:\/\/consultoriac.com\/es\/wp-json\/wp\/v2\/types\/page"}],"author":[{"embeddable":true,"href":"https:\/\/consultoriac.com\/es\/wp-json\/wp\/v2\/users\/1"}],"replies":[{"embeddable":true,"href":"https:\/\/consultoriac.com\/es\/wp-json\/wp\/v2\/comments?post=37"}],"version-history":[{"count":13,"href":"https:\/\/consultoriac.com\/es\/wp-json\/wp\/v2\/pages\/37\/revisions"}],"predecessor-version":[{"id":179,"href":"https:\/\/consultoriac.com\/es\/wp-json\/wp\/v2\/pages\/37\/revisions\/179"}],"wp:attachment":[{"href":"https:\/\/consultoriac.com\/es\/wp-json\/wp\/v2\/media?parent=37"}],"curies":[{"name":"wp","href":"https:\/\/api.w.org\/{rel}","templated":true}]}}