{"id":19,"date":"2024-03-15T10:59:55","date_gmt":"2024-03-15T10:59:55","guid":{"rendered":"https:\/\/consultoriac.com\/?page_id=19"},"modified":"2024-04-01T11:18:21","modified_gmt":"2024-04-01T11:18:21","slug":"privacy-policy","status":"publish","type":"page","link":"https:\/\/consultoriac.com\/es\/privacy-policy\/","title":{"rendered":"Pol\u00edtica de privacidad"},"content":{"rendered":"<p>La privacidad es una prioridad en Consultoriac, y entendemos la importancia de salvaguardar su privacidad. Nos comprometemos a proteger su informaci\u00f3n personal tal y como se indica en la presente Pol\u00edtica de Privacidad.<\/p>\n\n\n\n<p><br>Nuestra pol\u00edtica de privacidad se refiere al sitio web <a href=\"https:\/\/consultoriac.com\/es\/\">https:\/\/consultoriac.com\/<\/a>&nbsp; (el \"Sitio\") gestionado por Consultoriac. Consultoriac, con sede en Madrid (Espa\u00f1a), act\u00faa como responsable del tratamiento de los datos personales que usted facilite en virtud de la presente Pol\u00edtica.<\/p>\n\n\n\n<p><br>Consultoriac reconoce la importancia de su privacidad y se compromete plenamente a salvaguardar sus datos (definidos como cualquier informaci\u00f3n que permita su identificaci\u00f3n) mediante la presente Pol\u00edtica de Privacidad.<\/p>\n\n\n\n<p>Consultoriac se reserva el derecho de modificar y actualizar esta Pol\u00edtica de Privacidad seg\u00fan sea necesario. Le recomendamos que revise la versi\u00f3n actual de la Pol\u00edtica de Privacidad cada vez que visite nuestros Sitios.<\/p>\n\n\n\n<h2 class=\"wp-block-heading\"><strong>Definiciones<\/strong><\/h2>\n\n\n\n<ul class=\"wp-block-list\">\n<li>La entidad responsable de determinar los fines y m\u00e9todos del tratamiento de datos personales, sola o con otros, se denomina responsable del tratamiento.<\/li>\n<\/ul>\n\n\n\n<ul class=\"wp-block-list\">\n<li>Los datos personales incluyen cualquier informaci\u00f3n relativa a una persona identificable, como un nombre, un n\u00famero de identificaci\u00f3n o un identificador en l\u00ednea.<\/li>\n<\/ul>\n\n\n\n<ul class=\"wp-block-list\">\n<li>Las cl\u00e1usulas contractuales tipo son acuerdos contractuales que las empresas pueden utilizar para transferir datos personales fuera de la Uni\u00f3n Europea. Est\u00e1n avaladas por la Comisi\u00f3n Europea para garantizar una protecci\u00f3n adecuada de los datos personales durante dichas transferencias.<\/li>\n<\/ul>\n\n\n\n<ul class=\"wp-block-list\">\n<li>La anonimizaci\u00f3n consiste en alterar los datos para hacerlos no identificables, lo que significa que no pueden vincularse a una persona, ni siquiera cuando se combinan con otra informaci\u00f3n. Los datos an\u00f3nimos no se consideran \"datos personales\".<\/li>\n<\/ul>\n\n\n\n<ul class=\"wp-block-list\">\n<li>La seudonimizaci\u00f3n consiste en modificar los datos para que no puedan vincularse directamente a una persona sin informaci\u00f3n adicional. Los datos seud\u00f3nimos siguen consider\u00e1ndose \"datos personales\".<\/li>\n<\/ul>\n\n\n\n<h2 class=\"wp-block-heading\"><strong>Qu\u00e9 informaci\u00f3n recogemos y c\u00f3mo la utilizamos<\/strong><\/h2>\n\n\n\n<p>En Consultoriac, podemos recopilar su informaci\u00f3n personal, incluyendo su nombre, datos de contacto, ocupaci\u00f3n, afiliaci\u00f3n a una empresa o universidad, industria, regi\u00f3n\/pa\u00eds, relaci\u00f3n con Consultoriac, motivo por el que se pone en contacto con nosotros y \u00e1reas de inter\u00e9s. Al utilizar nuestro Sitio o facilitarnos informaci\u00f3n, usted consiente que Consultoriac procese sus datos personales tal y como se describe en la presente Pol\u00edtica de Privacidad. Consultoriac podr\u00e1 utilizar sus datos personales para atender sus solicitudes o enviarle comunicaciones comerciales.<\/p>\n\n\n\n<p>Los datos personales que recopilamos pueden incluir su nombre, direcci\u00f3n de correo electr\u00f3nico, cargo, ocupaci\u00f3n, afiliaci\u00f3n a una empresa o universidad, sector, regi\u00f3n\/pa\u00eds, relaci\u00f3n con Consultoriac, motivo por el que se pone en contacto con nosotros, \u00e1reas de inter\u00e9s, antecedentes proporcionados con una solicitud y cualquier otro detalle incluido en los mensajes que env\u00ede.<\/p>\n\n\n\n<p>Adem\u00e1s, podemos recopilar informaci\u00f3n sobre su uso de nuestro Sitio a trav\u00e9s de nuestra Pol\u00edtica de Cookies. Al navegar por nuestro Sitio y facilitarnos esta informaci\u00f3n, usted consiente expresamente que Consultoriac utilice sus datos personales para los fines y en la forma descritos en la presente Pol\u00edtica de Privacidad. Por favor, abst\u00e9ngase de enviarnos cualquier informaci\u00f3n que no desee que Consultoriac utilice.<\/p>\n\n\n\n<p>Consultoriac puede recopilar datos personales y revelar dicha informaci\u00f3n a terceros proveedores de servicios de forma agregada con fines de marketing y promoci\u00f3n. Sin embargo, no revelamos a estas entidades ninguna informaci\u00f3n que pueda identificarle personalmente.<\/p>\n\n\n\n<p>Usted no est\u00e1 obligado a facilitarnos ning\u00fan dato personal. No obstante, si no lo hace, es posible que no podamos tramitar su solicitud o prestarle los servicios solicitados.<\/p>\n\n\n\n<p>Consultoriac conservar\u00e1 sus datos personales el tiempo que sea necesario para atender su solicitud o mantener nuestra relaci\u00f3n con usted.&nbsp;<\/p>\n\n\n\n<h2 class=\"wp-block-heading\"><strong>Uso de cookies<\/strong><\/h2>\n\n\n\n<p>Utilizamos cookies o tecnolog\u00edas similares para recopilar determinados tipos de informaci\u00f3n mientras navega por nuestros Sitios. Encontrar\u00e1 informaci\u00f3n detallada sobre los datos recopilados y su uso en nuestra Pol\u00edtica de cookies.<\/p>\n\n\n\n<h2 class=\"wp-block-heading\"><strong>Con qui\u00e9n compartimos sus datos<\/strong><\/h2>\n\n\n\n<p>En Consultoriac, podemos revelar sus datos personales a terceros elegidos, que pueden estar situados en pa\u00edses diferentes a su pa\u00eds de residencia. Consultoriac se compromete a no compartir ni vender sus datos a terceros para su uso independiente.<\/p>\n\n\n\n<p><strong>Sus datos personales pueden ser compartidos con<\/strong><\/p>\n\n\n\n<ul class=\"wp-block-list\">\n<li>Otros equipos de Consultoriac y partes interesadas.<\/li>\n\n\n\n<li>Proveedores de servicios externos cuidadosamente seleccionados, como proveedores de servicios de marketing, proveedores de sistemas inform\u00e1ticos, proveedores de servicios de contrataci\u00f3n, proveedores de verificaci\u00f3n de antecedentes, proveedores de limpieza de datos u organizadores de eventos, para que puedan prestar servicios a Consultoriac.<\/li>\n\n\n\n<li>Nuestros asesores.<\/li>\n\n\n\n<li>Fuerzas y cuerpos de seguridad u organismos gubernamentales cuando as\u00ed lo exija la ley.<\/li>\n<\/ul>\n\n\n\n<p>Terceros, excluidos los cuerpos de seguridad u organismos gubernamentales, tratar\u00e1n sus datos personales \u00fanicamente en nombre de Consultoriac y para los fines descritos en esta Pol\u00edtica. Consultoriac no vender\u00e1 ni compartir\u00e1 sus datos personales con estos terceros para sus fines sin su consentimiento expl\u00edcito.<\/p>\n\n\n\n<p>Los equipos de Consultoriac y los terceros con los que compartimos sus datos pueden estar situados en pa\u00edses con distintos niveles de protecci\u00f3n de datos en comparaci\u00f3n con su pa\u00eds de residencia. En estos casos, Consultoriac protege sus datos personales mediante las garant\u00edas legales adecuadas. Para las personas que residen en la Uni\u00f3n Europea, estas garant\u00edas pueden incluir la utilizaci\u00f3n de \"Cl\u00e1usulas Contractuales Tipo\" aprobadas por la Comisi\u00f3n Europea.<\/p>\n\n\n\n<h2 class=\"wp-block-heading\"><strong>Enlaces a otros sitios<\/strong><\/h2>\n\n\n\n<p>En Consultoriac, podemos incluir enlaces a sitios web de terceros en nuestro Sitio, cada uno regido por sus t\u00e9rminos y pol\u00edticas de privacidad. Consultoriac no es responsable del contenido ni de sus interacciones con estos sitios web externos.<\/p>\n\n\n\n<p>Estos enlaces pueden dirigirle a sitios web de terceros, incluidas plataformas de redes sociales, cada una de las cuales opera bajo sus propias condiciones de servicio y pol\u00edticas de privacidad. Aconsejamos revisar sus respectivas condiciones y pol\u00edticas antes de participar o proporcionar informaci\u00f3n a estos sitios. Consultoriac no se hace responsable de las pr\u00e1cticas de privacidad de estos sitios web de terceros. Adem\u00e1s, la inclusi\u00f3n de un enlace a estos sitios web no implica que Consultoriac apruebe o acepte responsabilidad alguna por su contenido o uso. Consultoriac no se hace responsable del contenido ni de las interacciones de los usuarios con estos sitios web externos.<\/p>\n\n\n\n<h2 class=\"wp-block-heading\"><strong>Seguridad de sus datos personales<\/strong><\/h2>\n\n\n\n<p>Consultoriac ha instituido s\u00f3lidas medidas de seguridad t\u00e9cnicas y organizativas para salvaguardar sus datos personales contra p\u00e9rdida, mal uso, alteraci\u00f3n o destrucci\u00f3n.<\/p>\n\n\n\n<p>Hemos implantado diversas medidas de seguridad t\u00e9cnicas y organizativas para proteger sus datos personales de accesos no autorizados. Estas medidas incluyen la anonimizaci\u00f3n o seudonimizaci\u00f3n de los datos siempre que sea posible. \u00danicamente el personal autorizado de Consultoriac y los terceros designados tendr\u00e1n acceso a sus datos personales, limit\u00e1ndose a lo necesario para el cumplimiento de sus funciones o la prestaci\u00f3n de servicios. A pesar de estas precauciones, es esencial tener en cuenta que Consultoriac no puede garantizar la total inmunidad contra el acceso no autorizado a su informaci\u00f3n.<\/p>\n\n\n\n<h2 class=\"wp-block-heading\"><strong>Sus derechos<\/strong><\/h2>\n\n\n\n<p>Dependiendo de su ubicaci\u00f3n, usted puede tener ciertos derechos en relaci\u00f3n con sus datos personales en nuestro poder. Estos derechos incluyen solicitar acceso a sus datos, obtener una copia y saber c\u00f3mo los utilizamos. Tambi\u00e9n tiene derecho a solicitar la correcci\u00f3n de cualquier dato incorrecto u obsoleto y a pedir el cese del tratamiento o la supresi\u00f3n de sus datos.<\/p>\n\n\n\n<p>Para ejercer estos derechos, p\u00f3ngase en contacto con nosotros en <a href=\"mailto:info@consultoriac.com\">info@consultoriac.com<\/a>. Si recibe comunicaciones comerciales de Consultoriac y desea darse de baja, puede hacerlo a trav\u00e9s del enlace para darse de baja que aparece en cualquier correo electr\u00f3nico comercial.<\/p>\n\n\n\n<p>Si cree que su informaci\u00f3n se est\u00e1 tratando de forma ilegal, p\u00f3ngase en contacto con nosotros en <a href=\"mailto:info@consultoriac.com\">info@consultoriac.com<\/a>.\u00a0<\/p>\n\n\n\n<h2 class=\"wp-block-heading\"><strong>Contacte con nosotros<\/strong><\/h2>\n\n\n\n<p>Si tiene alguna pregunta, duda o solicitud en relaci\u00f3n con nuestra Pol\u00edtica de privacidad o el tratamiento de sus datos personales, no dude en ponerse en contacto con nosotros a trav\u00e9s de los siguientes medios:<\/p>\n\n\n\n<ul class=\"wp-block-list\">\n<li>Correo electr\u00f3nico:&nbsp; <a href=\"mailto:info@consultoriac.com\">info@consultoriac.com<\/a><\/li>\n\n\n\n<li>Tel\u00e9fono: <a href=\"tel: 34919930867\">+34919930867<\/a><\/li>\n\n\n\n<li>P\u00e1gina web: <a href=\"https:\/\/consultoriac.com\/es\/contact-us\/\">https:\/\/consultoriac.com\/contact-us\/<\/a>&nbsp;<\/li>\n<\/ul>\n\n\n\n<p>Nos esforzamos por atender todas las consultas con prontitud y profesionalidad.<\/p>","protected":false},"excerpt":{"rendered":"<p>La privacidad es una prioridad en Consultoriac, y entendemos la importancia de salvaguardar su privacidad. Nos comprometemos a proteger su informaci\u00f3n personal tal y como se indica en la presente Pol\u00edtica de Privacidad. Nuestra Pol\u00edtica de Privacidad se refiere al sitio web https:\/\/consultoriac.com\/ (el \"Sitio\") gestionado por Consultoriac. Consultoriac, con sede en Madrid, Espa\u00f1a, act\u00faa como responsable del tratamiento [...]<\/p>","protected":false},"author":1,"featured_media":0,"parent":0,"menu_order":0,"comment_status":"closed","ping_status":"closed","template":"template-pages\/policy.php","meta":{"inline_featured_image":false,"footnotes":""},"class_list":["post-19","page","type-page","status-publish","hentry"],"acf":[],"yoast_head":"<!-- This site is optimized with the Yoast SEO plugin v22.2 - https:\/\/yoast.com\/wordpress\/plugins\/seo\/ -->\n<title>Privacy policy - consultoriac<\/title>\n<meta name=\"robots\" content=\"index, follow, max-snippet:-1, max-image-preview:large, max-video-preview:-1\" \/>\n<link rel=\"canonical\" href=\"https:\/\/consultoriac.com\/es\/privacy-policy\/\" \/>\n<meta property=\"og:locale\" content=\"es_ES\" \/>\n<meta property=\"og:type\" content=\"article\" \/>\n<meta property=\"og:title\" content=\"Privacy policy - consultoriac\" \/>\n<meta property=\"og:description\" content=\"Privacy is a priority at Consultoriac, and we understand the importance of safeguarding your privacy. We are dedicated to protecting your personal information as outlined in this Privacy Policy. Our Privacy Policy pertains to the website https:\/\/consultoriac.com\/&nbsp; (the &#8220;Site&#8221;) managed by Consultoriac. Consultoriac, based in Madrid, Spain, acts as a data controller regarding the personal [&hellip;]\" \/>\n<meta property=\"og:url\" content=\"https:\/\/consultoriac.com\/es\/privacy-policy\/\" \/>\n<meta property=\"og:site_name\" content=\"consultoriac\" \/>\n<meta property=\"article:modified_time\" content=\"2024-04-01T11:18:21+00:00\" \/>\n<meta name=\"twitter:card\" content=\"summary_large_image\" \/>\n<meta name=\"twitter:label1\" content=\"Tiempo de lectura\" \/>\n\t<meta name=\"twitter:data1\" content=\"6 minutos\" \/>\n<script type=\"application\/ld+json\" class=\"yoast-schema-graph\">{\"@context\":\"https:\/\/schema.org\",\"@graph\":[{\"@type\":\"WebPage\",\"@id\":\"https:\/\/consultoriac.com\/privacy-policy\/\",\"url\":\"https:\/\/consultoriac.com\/privacy-policy\/\",\"name\":\"Privacy policy - consultoriac\",\"isPartOf\":{\"@id\":\"https:\/\/consultoriac.com\/#website\"},\"datePublished\":\"2024-03-15T10:59:55+00:00\",\"dateModified\":\"2024-04-01T11:18:21+00:00\",\"breadcrumb\":{\"@id\":\"https:\/\/consultoriac.com\/privacy-policy\/#breadcrumb\"},\"inLanguage\":\"es\",\"potentialAction\":[{\"@type\":\"ReadAction\",\"target\":[\"https:\/\/consultoriac.com\/privacy-policy\/\"]}]},{\"@type\":\"BreadcrumbList\",\"@id\":\"https:\/\/consultoriac.com\/privacy-policy\/#breadcrumb\",\"itemListElement\":[{\"@type\":\"ListItem\",\"position\":1,\"name\":\"Home\",\"item\":\"https:\/\/consultoriac.com\/\"},{\"@type\":\"ListItem\",\"position\":2,\"name\":\"Privacy policy\"}]},{\"@type\":\"WebSite\",\"@id\":\"https:\/\/consultoriac.com\/#website\",\"url\":\"https:\/\/consultoriac.com\/\",\"name\":\"consultoriac\",\"description\":\"\",\"potentialAction\":[{\"@type\":\"SearchAction\",\"target\":{\"@type\":\"EntryPoint\",\"urlTemplate\":\"https:\/\/consultoriac.com\/?s={search_term_string}\"},\"query-input\":\"required name=search_term_string\"}],\"inLanguage\":\"es\"}]}<\/script>\n<!-- \/ Yoast SEO plugin. -->","yoast_head_json":{"title":"Privacy policy - consultoriac","robots":{"index":"index","follow":"follow","max-snippet":"max-snippet:-1","max-image-preview":"max-image-preview:large","max-video-preview":"max-video-preview:-1"},"canonical":"https:\/\/consultoriac.com\/es\/privacy-policy\/","og_locale":"es_ES","og_type":"article","og_title":"Privacy policy - consultoriac","og_description":"Privacy is a priority at Consultoriac, and we understand the importance of safeguarding your privacy. We are dedicated to protecting your personal information as outlined in this Privacy Policy. Our Privacy Policy pertains to the website https:\/\/consultoriac.com\/&nbsp; (the &#8220;Site&#8221;) managed by Consultoriac. Consultoriac, based in Madrid, Spain, acts as a data controller regarding the personal [&hellip;]","og_url":"https:\/\/consultoriac.com\/es\/privacy-policy\/","og_site_name":"consultoriac","article_modified_time":"2024-04-01T11:18:21+00:00","twitter_card":"summary_large_image","twitter_misc":{"Tiempo de lectura":"6 minutos"},"schema":{"@context":"https:\/\/schema.org","@graph":[{"@type":"WebPage","@id":"https:\/\/consultoriac.com\/privacy-policy\/","url":"https:\/\/consultoriac.com\/privacy-policy\/","name":"Privacy policy - consultoriac","isPartOf":{"@id":"https:\/\/consultoriac.com\/#website"},"datePublished":"2024-03-15T10:59:55+00:00","dateModified":"2024-04-01T11:18:21+00:00","breadcrumb":{"@id":"https:\/\/consultoriac.com\/privacy-policy\/#breadcrumb"},"inLanguage":"es","potentialAction":[{"@type":"ReadAction","target":["https:\/\/consultoriac.com\/privacy-policy\/"]}]},{"@type":"BreadcrumbList","@id":"https:\/\/consultoriac.com\/privacy-policy\/#breadcrumb","itemListElement":[{"@type":"ListItem","position":1,"name":"Home","item":"https:\/\/consultoriac.com\/"},{"@type":"ListItem","position":2,"name":"Privacy policy"}]},{"@type":"WebSite","@id":"https:\/\/consultoriac.com\/#website","url":"https:\/\/consultoriac.com\/","name":"consultoriac","description":"","potentialAction":[{"@type":"SearchAction","target":{"@type":"EntryPoint","urlTemplate":"https:\/\/consultoriac.com\/?s={search_term_string}"},"query-input":"required name=search_term_string"}],"inLanguage":"es"}]}},"_links":{"self":[{"href":"https:\/\/consultoriac.com\/es\/wp-json\/wp\/v2\/pages\/19","targetHints":{"allow":["GET"]}}],"collection":[{"href":"https:\/\/consultoriac.com\/es\/wp-json\/wp\/v2\/pages"}],"about":[{"href":"https:\/\/consultoriac.com\/es\/wp-json\/wp\/v2\/types\/page"}],"author":[{"embeddable":true,"href":"https:\/\/consultoriac.com\/es\/wp-json\/wp\/v2\/users\/1"}],"replies":[{"embeddable":true,"href":"https:\/\/consultoriac.com\/es\/wp-json\/wp\/v2\/comments?post=19"}],"version-history":[{"count":6,"href":"https:\/\/consultoriac.com\/es\/wp-json\/wp\/v2\/pages\/19\/revisions"}],"predecessor-version":[{"id":178,"href":"https:\/\/consultoriac.com\/es\/wp-json\/wp\/v2\/pages\/19\/revisions\/178"}],"wp:attachment":[{"href":"https:\/\/consultoriac.com\/es\/wp-json\/wp\/v2\/media?parent=19"}],"curies":[{"name":"wp","href":"https:\/\/api.w.org\/{rel}","templated":true}]}}