{"id":39,"date":"2024-03-15T13:40:40","date_gmt":"2024-03-15T13:40:40","guid":{"rendered":"https:\/\/consultoriac.com\/?page_id=39"},"modified":"2024-03-22T09:46:41","modified_gmt":"2024-03-22T09:46:41","slug":"cookie-preferences","status":"publish","type":"page","link":"https:\/\/consultoriac.com\/de\/cookie-preferences\/","title":{"rendered":"Cookie-Einstellungen"},"content":{"rendered":"<p>Consultoriac (\"wir\", \"wir\" oder \"unser\") betreibt die Website <a href=\"https:\/\/consultoriac.com\/de\/\">https:\/\/consultoriac.com\/<\/a> (der \"Dienst\"). Diese Seite informiert Sie \u00fcber unsere Richtlinien zur Erfassung, Verwendung und Offenlegung personenbezogener Daten bei der Nutzung unseres Dienstes sowie \u00fcber die Wahlm\u00f6glichkeiten, die Sie im Zusammenhang mit diesen Daten haben.<\/p>\n\n\n\n<h2 class=\"wp-block-heading\"><strong>Was sind Cookies?<\/strong><\/h2>\n\n\n\n<p>Cookies sind kleine Textdateien, die von einer von Ihnen besuchten Website an Ihren Webbrowser gesendet werden. Sie werden auf der Festplatte Ihres Ger\u00e4ts gespeichert und enthalten Informationen \u00fcber Ihre Pr\u00e4ferenzen und Ihren Browserverlauf.&nbsp;<\/p>\n\n\n\n<p>Es gibt entweder Sitzungscookies oder dauerhafte Cookies. Sitzungs-Cookies werden gel\u00f6scht, wenn Sie Ihren Browser schlie\u00dfen, w\u00e4hrend dauerhafte Cookies auf Ihrem Ger\u00e4t verbleiben, bis sie ablaufen oder manuell gel\u00f6scht werden.<\/p>\n\n\n\n<h2 class=\"wp-block-heading\"><strong>Wie wir Cookies verwenden<\/strong><\/h2>\n\n\n\n<p>Wenn Sie auf unseren Dienst zugreifen, k\u00f6nnen wir mehrere Cookie-Dateien in Ihrem Webbrowser ablegen. Wir verwenden Cookies f\u00fcr die folgenden Zwecke:<\/p>\n\n\n\n<ul class=\"wp-block-list\">\n<li>Zur Bereitstellung und Aufrechterhaltung unseres Dienstes: Wir verwenden Cookies, um Benutzer zu authentifizieren und betr\u00fcgerische Aktivit\u00e4ten zu verhindern.<\/li>\n\n\n\n<li>Um Ihre Erfahrungen zu personalisieren, verwenden wir Cookies, um Ihre Pr\u00e4ferenzen und Einstellungen zu speichern.<\/li>\n\n\n\n<li>Um zu analysieren, wie unser Dienst genutzt wird: Wir verwenden Cookies, um Nutzungsmuster zu verstehen und die Funktionalit\u00e4t unseres Dienstes zu verbessern.<\/li>\n\n\n\n<li>Um personalisierte Werbung anzuzeigen: Wir k\u00f6nnen Cookies verwenden, um das Surfverhalten zu verfolgen und gezielte Werbung auf der Grundlage Ihrer Interessen anzuzeigen.<\/li>\n<\/ul>\n\n\n\n<h2 class=\"wp-block-heading\"><strong>Cookies von Drittanbietern<\/strong><\/h2>\n\n\n\n<p>Zus\u00e4tzlich zu unseren Cookies k\u00f6nnen wir auch verschiedene Cookies von Drittanbietern verwenden, um Nutzungsstatistiken zu erstellen, Werbung im und \u00fcber den Dienst zu schalten und so weiter.<\/p>\n\n\n\n<h2 class=\"wp-block-heading\"><strong>Welche Wahlm\u00f6glichkeiten haben Sie in Bezug auf Cookies?<\/strong><\/h2>\n\n\n\n<p>Wenn Sie Cookies l\u00f6schen oder Ihren Webbrowser anweisen m\u00f6chten, Cookies abzulehnen, besuchen Sie bitte die Hilfeseiten Ihres Webbrowsers. Bitte beachten Sie jedoch, dass Sie m\u00f6glicherweise nicht alle Funktionen unseres Dienstes nutzen k\u00f6nnen und Ihre Einstellungen nicht gespeichert werden, wenn Sie Cookies l\u00f6schen oder deren Annahme verweigern.<\/p>\n\n\n\n<ul class=\"wp-block-list\">\n<li>F\u00fcr die <strong>Chrome-Webbrowser<\/strong>besuchen Sie bitte diese Seite von Google: https:\/\/support.google.com\/accounts\/answer\/32050<\/li>\n\n\n\n<li>F\u00fcr die<strong> Randweb<\/strong> <strong>Browser<\/strong>besuchen Sie bitte diese Seite von Microsoft: http:\/\/support.microsoft.com\/kb\/278835<\/li>\n\n\n\n<li>F\u00fcr die <strong>Firefox-Webbrowser<\/strong>besuchen Sie bitte diese Seite von Mozilla: https:\/\/support.mozilla.org\/en-US\/kb\/delete-cookies-remove-info-websites-stored<\/li>\n\n\n\n<li>F\u00fcr die <strong>Safari-Webbrowser<\/strong>, besuchen Sie bitte diese Seite von Apple: https:\/\/support.apple.com\/guide\/safari\/manage-cookies-and-website-data-sfri11471\/mac<\/li>\n<\/ul>\n\n\n\n<h2 class=\"wp-block-heading\"><strong>\u00c4nderungen an dieser Cookie-Richtlinie<\/strong><\/h2>\n\n\n\n<p>Wir k\u00f6nnen unsere Cookie-Richtlinie von Zeit zu Zeit aktualisieren. Wir werden Sie \u00fcber alle \u00c4nderungen informieren, indem wir die neue Cookie-Richtlinie auf dieser Seite ver\u00f6ffentlichen.<\/p>\n\n\n\n<h2 class=\"wp-block-heading\"><strong>Kontakt<\/strong><\/h2>\n\n\n\n<p>Wenn Sie Fragen zu dieser Cookie-Richtlinie haben, wenden Sie sich bitte an uns:<\/p>\n\n\n\n<ul class=\"wp-block-list\">\n<li>E-Mail:&nbsp; <a href=\"mailto:info@consultoriac.com\">info@consultoriac.com<\/a><\/li>\n\n\n\n<li>Telefon: <a href=\"tel: 34919930867\">+34919930867<\/a><\/li>\n\n\n\n<li>Website: <a href=\"https:\/\/consultoriac.com\/de\/contact-us\/\">https:\/\/consultoriac.com\/contact-us\/<\/a>&nbsp;<\/li>\n<\/ul>","protected":false},"excerpt":{"rendered":"<p>Consultoriac (\"wir\", \"wir\" oder \"unser\") betreibt die Website https:\/\/consultoriac.com\/ (der \"Service\"). Diese Seite informiert Sie \u00fcber unsere Richtlinien bez\u00fcglich der Erfassung, Verwendung und Offenlegung pers\u00f6nlicher Daten, wenn Sie unseren Service nutzen, sowie \u00fcber die Wahlm\u00f6glichkeiten, die Sie in Bezug auf diese Daten haben. Was sind Cookies? Cookies sind kleine Textdateien, die von einer Website an Ihren Webbrowser gesendet werden [...]<\/p>","protected":false},"author":1,"featured_media":0,"parent":0,"menu_order":0,"comment_status":"closed","ping_status":"closed","template":"template-pages\/policy.php","meta":{"inline_featured_image":false,"footnotes":""},"class_list":["post-39","page","type-page","status-publish","hentry"],"acf":[],"yoast_head":"<!-- This site is optimized with the Yoast SEO plugin v22.2 - https:\/\/yoast.com\/wordpress\/plugins\/seo\/ -->\n<title>Cookie Preferences - consultoriac<\/title>\n<meta name=\"robots\" content=\"index, follow, max-snippet:-1, max-image-preview:large, max-video-preview:-1\" \/>\n<link rel=\"canonical\" href=\"https:\/\/consultoriac.com\/de\/cookie-preferences\/\" \/>\n<meta property=\"og:locale\" content=\"de_DE\" \/>\n<meta property=\"og:type\" content=\"article\" \/>\n<meta property=\"og:title\" content=\"Cookie Preferences - consultoriac\" \/>\n<meta property=\"og:description\" content=\"Consultoriac (&#8220;us,&#8221; &#8220;we,&#8221; or &#8220;our&#8221;) operates the website https:\/\/consultoriac.com\/ (the &#8220;Service&#8221;). This page informs you of our policies regarding collecting, using, and disclosing personal data when you use our Service and the choices you have associated with that data. What are Cookies? Cookies are small text files sent to your web browser by a website [&hellip;]\" \/>\n<meta property=\"og:url\" content=\"https:\/\/consultoriac.com\/de\/cookie-preferences\/\" \/>\n<meta property=\"og:site_name\" content=\"consultoriac\" \/>\n<meta property=\"article:modified_time\" content=\"2024-03-22T09:46:41+00:00\" \/>\n<meta name=\"twitter:card\" content=\"summary_large_image\" \/>\n<meta name=\"twitter:label1\" content=\"Gesch\u00e4tzte Lesezeit\" \/>\n\t<meta name=\"twitter:data1\" content=\"2\u00a0Minuten\" \/>\n<script type=\"application\/ld+json\" class=\"yoast-schema-graph\">{\"@context\":\"https:\/\/schema.org\",\"@graph\":[{\"@type\":\"WebPage\",\"@id\":\"https:\/\/consultoriac.com\/cookie-preferences\/\",\"url\":\"https:\/\/consultoriac.com\/cookie-preferences\/\",\"name\":\"Cookie Preferences - consultoriac\",\"isPartOf\":{\"@id\":\"https:\/\/consultoriac.com\/#website\"},\"datePublished\":\"2024-03-15T13:40:40+00:00\",\"dateModified\":\"2024-03-22T09:46:41+00:00\",\"breadcrumb\":{\"@id\":\"https:\/\/consultoriac.com\/cookie-preferences\/#breadcrumb\"},\"inLanguage\":\"de\",\"potentialAction\":[{\"@type\":\"ReadAction\",\"target\":[\"https:\/\/consultoriac.com\/cookie-preferences\/\"]}]},{\"@type\":\"BreadcrumbList\",\"@id\":\"https:\/\/consultoriac.com\/cookie-preferences\/#breadcrumb\",\"itemListElement\":[{\"@type\":\"ListItem\",\"position\":1,\"name\":\"Home\",\"item\":\"https:\/\/consultoriac.com\/\"},{\"@type\":\"ListItem\",\"position\":2,\"name\":\"Cookie Preferences\"}]},{\"@type\":\"WebSite\",\"@id\":\"https:\/\/consultoriac.com\/#website\",\"url\":\"https:\/\/consultoriac.com\/\",\"name\":\"consultoriac\",\"description\":\"\",\"potentialAction\":[{\"@type\":\"SearchAction\",\"target\":{\"@type\":\"EntryPoint\",\"urlTemplate\":\"https:\/\/consultoriac.com\/?s={search_term_string}\"},\"query-input\":\"required name=search_term_string\"}],\"inLanguage\":\"de\"}]}<\/script>\n<!-- \/ Yoast SEO plugin. -->","yoast_head_json":{"title":"Cookie Preferences - consultoriac","robots":{"index":"index","follow":"follow","max-snippet":"max-snippet:-1","max-image-preview":"max-image-preview:large","max-video-preview":"max-video-preview:-1"},"canonical":"https:\/\/consultoriac.com\/de\/cookie-preferences\/","og_locale":"de_DE","og_type":"article","og_title":"Cookie Preferences - consultoriac","og_description":"Consultoriac (&#8220;us,&#8221; &#8220;we,&#8221; or &#8220;our&#8221;) operates the website https:\/\/consultoriac.com\/ (the &#8220;Service&#8221;). This page informs you of our policies regarding collecting, using, and disclosing personal data when you use our Service and the choices you have associated with that data. What are Cookies? Cookies are small text files sent to your web browser by a website [&hellip;]","og_url":"https:\/\/consultoriac.com\/de\/cookie-preferences\/","og_site_name":"consultoriac","article_modified_time":"2024-03-22T09:46:41+00:00","twitter_card":"summary_large_image","twitter_misc":{"Gesch\u00e4tzte Lesezeit":"2\u00a0Minuten"},"schema":{"@context":"https:\/\/schema.org","@graph":[{"@type":"WebPage","@id":"https:\/\/consultoriac.com\/cookie-preferences\/","url":"https:\/\/consultoriac.com\/cookie-preferences\/","name":"Cookie Preferences - consultoriac","isPartOf":{"@id":"https:\/\/consultoriac.com\/#website"},"datePublished":"2024-03-15T13:40:40+00:00","dateModified":"2024-03-22T09:46:41+00:00","breadcrumb":{"@id":"https:\/\/consultoriac.com\/cookie-preferences\/#breadcrumb"},"inLanguage":"de","potentialAction":[{"@type":"ReadAction","target":["https:\/\/consultoriac.com\/cookie-preferences\/"]}]},{"@type":"BreadcrumbList","@id":"https:\/\/consultoriac.com\/cookie-preferences\/#breadcrumb","itemListElement":[{"@type":"ListItem","position":1,"name":"Home","item":"https:\/\/consultoriac.com\/"},{"@type":"ListItem","position":2,"name":"Cookie Preferences"}]},{"@type":"WebSite","@id":"https:\/\/consultoriac.com\/#website","url":"https:\/\/consultoriac.com\/","name":"consultoriac","description":"","potentialAction":[{"@type":"SearchAction","target":{"@type":"EntryPoint","urlTemplate":"https:\/\/consultoriac.com\/?s={search_term_string}"},"query-input":"required name=search_term_string"}],"inLanguage":"de"}]}},"_links":{"self":[{"href":"https:\/\/consultoriac.com\/de\/wp-json\/wp\/v2\/pages\/39","targetHints":{"allow":["GET"]}}],"collection":[{"href":"https:\/\/consultoriac.com\/de\/wp-json\/wp\/v2\/pages"}],"about":[{"href":"https:\/\/consultoriac.com\/de\/wp-json\/wp\/v2\/types\/page"}],"author":[{"embeddable":true,"href":"https:\/\/consultoriac.com\/de\/wp-json\/wp\/v2\/users\/1"}],"replies":[{"embeddable":true,"href":"https:\/\/consultoriac.com\/de\/wp-json\/wp\/v2\/comments?post=39"}],"version-history":[{"count":4,"href":"https:\/\/consultoriac.com\/de\/wp-json\/wp\/v2\/pages\/39\/revisions"}],"predecessor-version":[{"id":162,"href":"https:\/\/consultoriac.com\/de\/wp-json\/wp\/v2\/pages\/39\/revisions\/162"}],"wp:attachment":[{"href":"https:\/\/consultoriac.com\/de\/wp-json\/wp\/v2\/media?parent=39"}],"curies":[{"name":"wp","href":"https:\/\/api.w.org\/{rel}","templated":true}]}}