{"id":37,"date":"2024-03-15T13:40:25","date_gmt":"2024-03-15T13:40:25","guid":{"rendered":"https:\/\/consultoriac.com\/?page_id=37"},"modified":"2024-04-01T11:33:29","modified_gmt":"2024-04-01T11:33:29","slug":"terms-of-use","status":"publish","type":"page","link":"https:\/\/consultoriac.com\/de\/terms-of-use\/","title":{"rendered":"Bedingungen und Konditionen"},"content":{"rendered":"<p>Diese Allgemeinen Gesch\u00e4ftsbedingungen (\"Bedingungen\") bilden eine rechtsverbindliche Vereinbarung zwischen Ihnen und SOL CONSULTORIAC 2023 SL (\"Consultoriac\"), eingetragene Adresse: Avenida Ramon Cajal 17, Marbella 29601, Spanien; Registriernummer - B56315112, in Bezug auf die Nutzung unserer Website und ihrer Inhalte (im Folgenden als \"Website\" bezeichnet), die unter folgender Adresse zug\u00e4nglich ist<a href=\"https:\/\/consultoriac.com\/de\/\"> <\/a><a href=\"https:\/\/consultoriac.com\/de\/\">https:\/\/consultoriac.com\/<\/a>.<br><\/p>\n\n\n\n<p><br>Bitte lesen Sie diese Bedingungen sorgf\u00e4ltig durch. Indem Sie auf die Website zugreifen, sie durchst\u00f6bern, \u00fcberpr\u00fcfen und\/oder nutzen, best\u00e4tigen Sie, dass Sie diese Bedingungen gelesen und verstanden haben, und erkl\u00e4ren sich damit einverstanden, ohne Einschr\u00e4nkung oder Vorbehalt an diese Bedingungen gebunden zu sein. Sie verpflichten sich au\u00dferdem, alle geltenden Gesetze und Vorschriften einzuhalten. Wenn Sie nicht damit einverstanden sind, an diese Bedingungen gebunden zu sein, d\u00fcrfen Sie die Website nicht nutzen.<br><\/p>\n\n\n\n<p><br>Die Website kann zus\u00e4tzliche Eigentumshinweise und Urheberrechtsinformationen enthalten, die Sie beachten und befolgen m\u00fcssen. Die Informationen auf der Website k\u00f6nnen technische Ungenauigkeiten oder typografische Fehler enthalten. Consultoriac beh\u00e4lt sich das Recht vor, Teile dieser Bedingungen ohne vorherige Ank\u00fcndigung zu \u00fcberarbeiten, zu erg\u00e4nzen, zu \u00e4ndern oder zu l\u00f6schen. Sie m\u00fcssen die aktuellste Version dieser Bedingungen und Konditionen lesen. Ihre fortgesetzte Nutzung der Website bedeutet, dass Sie alle \u00dcberarbeitungen, Erg\u00e4nzungen, \u00c4nderungen oder Streichungen dieser Bedingungen und Konditionen akzeptieren.<\/p>\n\n\n\n<h2 class=\"wp-block-heading\"><strong>Zugang zur Website und Nutzungsbeschr\u00e4nkungen<\/strong><\/h2>\n\n\n\n<p>Ihre Nutzung der Website, einschlie\u00dflich aller damit verbundenen Merkmale und Funktionen, unterliegt allen geltenden Gesetzen, Regeln, Vorschriften oder sonstigen Beschr\u00e4nkungen f\u00fcr die Nutzung des Dienstes oder der Inhalte. Sie m\u00fcssen diese Bedingungen und Konditionen einhalten und d\u00fcrfen nicht:<\/p>\n\n\n\n<ol class=\"wp-block-list\">\n<li>Inhalte oder Informationen, die von oder \u00fcber die Website erhalten wurden, zu archivieren, herunterzuladen, zu vervielf\u00e4ltigen, zu verbreiten, zu modifizieren, auszustellen, vorzuf\u00fchren, zu ver\u00f6ffentlichen, zu lizenzieren, davon abgeleitete Werke zu erstellen, zum Verkauf anzubieten oder zu nutzen.<\/li>\n\n\n\n<li>Urheberrechts- oder andere Eigentumsrechtsvermerke von der Website oder von Inhalten zu entfernen.<\/li>\n\n\n\n<li>Umgehen, Entfernen, \u00c4ndern, Deaktivieren, Verschlechtern oder Vereiteln von Inhalten oder anderen Schutzmechanismen, die auf der Website aktiviert sind.<\/li>\n\n\n\n<li>Roboter, Spider, Scraper oder andere automatisierte Mittel f\u00fcr den Zugriff auf die Website zu verwenden.<\/li>\n\n\n\n<li>Software, andere Produkte oder Prozesse, die \u00fcber die Website zug\u00e4nglich sind, zu dekompilieren, zur\u00fcckzuentwickeln oder zu disassemblieren.<\/li>\n\n\n\n<li>irgendeinen Code oder ein Produkt einzuf\u00fcgen oder die Website in irgendeiner Weise zu manipulieren.<\/li>\n\n\n\n<li>Verwenden Sie eine beliebige Data-Mining-, Datenerfassungs- oder Extraktionsmethode.<\/li>\n\n\n\n<li>Material hochzuladen, zu posten, per E-Mail zu versenden oder anderweitig zu senden oder zu \u00fcbertragen, das darauf abzielt, die Funktionalit\u00e4t von Computersoftware, Hardware oder Telekommunikationsger\u00e4ten, die mit der Website verbunden sind, zu unterbrechen, zu zerst\u00f6ren oder einzuschr\u00e4nken, einschlie\u00dflich Softwareviren oder anderer Computercodes, Dateien oder Programme.<\/li>\n\n\n\n<li>Werbung in Verbindung mit der Website zu entfernen, zu ver\u00e4ndern, zu deaktivieren, zu blockieren, zu beeintr\u00e4chtigen oder zu verbergen.<\/li>\n\n\n\n<li>die Website f\u00fcr illegale Zwecke oder unter Verletzung lokaler, staatlicher, nationaler oder internationaler Gesetze zu nutzen oder zu deren Nutzung aufzufordern, einschlie\u00dflich, aber nicht beschr\u00e4nkt auf Gesetze zum Schutz des geistigen Eigentums und anderer Eigentumsrechte, zum Datenschutz und zum Schutz der Privatsph\u00e4re.<\/li>\n<\/ol>\n\n\n\n<p>Consultoriac hat das Recht, die Website oder Ihren Zugriff auf die Website oder deren Nutzung jederzeit und ohne Angabe von Gr\u00fcnden zu \u00e4ndern, auszusetzen oder einzustellen, ohne Sie oder Dritte davon in Kenntnis zu setzen oder daf\u00fcr zu haften. Die Website kann aufgrund von Wartungsarbeiten oder Fehlfunktionen von Computeranlagen oder aus anderen Gr\u00fcnden nicht verf\u00fcgbar sein, was zu Sch\u00e4den an Ihren Systemen, Ihrer Software, Ihren Daten oder Ihrem Betrieb f\u00fchren kann, f\u00fcr die Consultoriac keine Haftung \u00fcbernimmt.<\/p>\n\n\n\n<h2 class=\"wp-block-heading\"><strong>Hyperlinking<\/strong><\/h2>\n\n\n\n<p>Consultoriac macht keine Zusicherungen \u00fcber andere Websites, auf die Sie \u00fcber diese Website zugreifen. Wenn Sie auf eine Nicht-Consultoriac-Website zugreifen, beachten Sie bitte, dass diese unabh\u00e4ngig von Consultoriac ist und dass Consultoriac keine Kontrolle \u00fcber deren Inhalt hat, auch wenn Consultoriac dem Eigent\u00fcmer dieser Website Informationen oder Dienstleistungen zur Verf\u00fcgung stellt. Dar\u00fcber hinaus bedeutet ein Link zu einer Website, die nicht von Consultoriac betrieben wird, nicht, dass Consultoriac den Inhalt oder die Nutzung einer solchen Website billigt oder irgendeine Verantwortung daf\u00fcr \u00fcbernimmt. Consultoriac lehnt jegliche Haftung und Verantwortung f\u00fcr solche Inhalte ab. Es obliegt Ihnen, Vorsichtsma\u00dfnahmen zu ergreifen, um sicherzustellen, dass die von Ihnen f\u00fcr Ihre Nutzung ausgew\u00e4hlten Inhalte frei von Viren und anderen zerst\u00f6rerischen Elementen sind.<\/p>\n\n\n\n<h2 class=\"wp-block-heading\"><strong>Urheberrechte und Nutzung von Website-Inhalten<\/strong><\/h2>\n\n\n\n<p>Alle Materialien, Merkmale und Funktionen auf der Consultoriac-Website, einschlie\u00dflich Text, Grafiken, Videos, Audioaufnahmen, Software, Grafiken, Schnittstellen, Fotografien, Logos, Icons und Bilder (\"Inhalte\"), sind das ausschlie\u00dfliche Eigentum von Consultoriac und durch die geltenden Gesetze gesch\u00fctzt. Das Kopieren, Vervielf\u00e4ltigen, Verteilen, Wiederver\u00f6ffentlichen, Herunterladen, Anzeigen, Ver\u00f6ffentlichen oder \u00dcbertragen von Inhalten in jeglicher Form und mit jeglichen Mitteln ist ohne vorherige schriftliche Genehmigung von Consultoriac oder des Urheberrechtsinhabers nicht gestattet. Die unbefugte Nutzung der Inhalte kann gegen das Urheberrecht, das Markenrecht, den Datenschutz und andere Vorschriften versto\u00dfen. Sie sind daf\u00fcr verantwortlich, dass alle Informationen oder Inhalte, die Sie von der Consultoriac-Website erhalten, frei von Viren oder anderen sch\u00e4dlichen Komponenten sind.<\/p>\n\n\n\n<h2 class=\"wp-block-heading\"><strong>Markenzeichen<\/strong><\/h2>\n\n\n\n<p>Die Marken, Dienstleistungsmarken, Logos und Handelsnamen (\"Marken\"), die auf der Consultoriac-Website verwendet und angezeigt werden, einschlie\u00dflich \"Consultoriac\", sind eingetragene und nicht eingetragene Marken von Consultoriac. Dritte k\u00f6nnen Eigent\u00fcmer anderer Marken, Dienstleistungsmarken, Logos und Handelsnamen sein. Nichts auf der Website ist so auszulegen, dass dadurch stillschweigend, durch Rechtsverwirkung oder auf andere Weise eine Lizenz oder ein Recht zur Nutzung einer auf der Website dargestellten Marke oder eines anderen geistigen Eigentums von Consultoriac gew\u00e4hrt wird. Consultoriac sch\u00fctzt seine geistigen Eigentumsrechte mit Nachdruck. Das Warenzeichen und der Handelsname Consultoriac sowie alle anderen Warenzeichen d\u00fcrfen nicht ohne vorherige schriftliche Genehmigung von Consultoriac verwendet werden. Die Verwendung der Warenzeichen von Consultoriac als Teil eines Links zu oder von einer Website bedarf der vorherigen schriftlichen Genehmigung von Consultoriac.<\/p>\n\n\n\n<h2 class=\"wp-block-heading\"><strong>Ausschluss von Garantien<\/strong><\/h2>\n\n\n\n<p>Die Website und ihr Inhalt werden \"wie besehen\" und \"wie verf\u00fcgbar\" ohne jegliche Garantien bereitgestellt. Soweit dies nach geltendem Recht zul\u00e4ssig ist, lehnen wir alle ausdr\u00fccklichen, stillschweigenden, gesetzlichen oder sonstigen Gew\u00e4hrleistungen ab, einschlie\u00dflich, aber nicht beschr\u00e4nkt auf Gew\u00e4hrleistungen der Marktg\u00e4ngigkeit, der Eignung f\u00fcr einen bestimmten Zweck, des Eigentums und der Nichtverletzung von Rechten. Insbesondere \u00fcbernehmen wir keine Gew\u00e4hr daf\u00fcr, dass die Informationen auf der Website korrekt, genau oder zuverl\u00e4ssig sind, dass die auf der Website enthaltenen Funktionen ununterbrochen oder fehlerfrei sind, dass M\u00e4ngel behoben werden oder dass die Website oder der Server, der sie zur Verf\u00fcgung stellt, frei von Viren oder anderen sch\u00e4dlichen Komponenten ist. <\/p>\n\n\n\n<h2 class=\"wp-block-heading\"><strong>Beschr\u00e4nkung der Haftung<\/strong><\/h2>\n\n\n\n<p>Unter keinen Umst\u00e4nden sind Consultoriac oder seine Vorg\u00e4nger, Nachfolger, Muttergesellschaften, Tochtergesellschaften, verbundenen Unternehmen, leitenden Angestellten, Direktoren, Aktion\u00e4re, Investoren, Mitarbeiter, Vertreter, Repr\u00e4sentanten, Anw\u00e4lte und ihre jeweiligen Erben, Nachfolger und Bevollm\u00e4chtigten haftbar f\u00fcr Sch\u00e4den, einschlie\u00dflich direkter, beil\u00e4ufiger, strafbarer, spezieller, Folge- oder exemplarischer Sch\u00e4den, die direkt oder indirekt aus der Nutzung der Website oder der Informationen, Software, Produkte und Dienstleistungen, die auf der Website beworben oder enthalten sind oder anderweitig aus der Nutzung der Website resultieren, einschlie\u00dflich Viren, die angeblich aus der Nutzung der Website stammen, oder der Unm\u00f6glichkeit der Nutzung der Website oder der Informationen, Inhalte, Software, Produkte und Dienstleistungen, die auf der Website beworben werden oder enthalten sind oder anderweitig durch die Nutzung der Website erhalten wurden, einschlie\u00dflich f\u00fcr Viren, die angeblich von der Website stammen, unabh\u00e4ngig davon, ob sie auf einem Vertrag, einer unerlaubten Handlung (einschlie\u00dflich Fahrl\u00e4ssigkeit), verschuldensunabh\u00e4ngiger Haftung oder anderweitig beruhen, selbst wenn Consultoriac auf die M\u00f6glichkeit solcher Sch\u00e4den hingewiesen wurde. Dieser Verzicht gilt ohne Einschr\u00e4nkung f\u00fcr alle Sch\u00e4den oder Verletzungen, die sich aus einem Versagen der Leistung, einem Fehler, einer Auslassung, einer Unterbrechung, einer L\u00f6schung, einem Defekt, einer Verz\u00f6gerung beim Betrieb oder bei der \u00dcbertragung, einem Computervirus, einer Dateikorruption, einem Ausfall der Kommunikationsleitung, einem Netzwerk- oder Systemausfall oder einem Diebstahl, einer Zerst\u00f6rung, einem unbefugten Zugriff auf, einer \u00c4nderung von oder einer Verwendung von Aufzeichnungen ergeben.<\/p>\n\n\n\n<h2 class=\"wp-block-heading\"><strong>Entsch\u00e4digung<\/strong><\/h2>\n\n\n\n<p>Sie erkl\u00e4ren sich damit einverstanden, Consultoriac und alle seine Vorg\u00e4nger, Nachfolger, Muttergesellschaften, Tochtergesellschaften, verbundenen Unternehmen, leitenden Angestellten, Direktoren, Aktion\u00e4re, Investoren, Mitarbeiter, Agenten, Vertreter und Anw\u00e4lte sowie deren jeweilige Erben, Nachfolger und Zessionare (zusammen die \"freigestellten Parteien\") zu entsch\u00e4digen, zu verteidigen und schadlos zu halten von und gegen jegliche Haftung und Kosten, einschlie\u00dflich, ohne Einschr\u00e4nkung, angemessener Anwaltskosten, die einer oder allen freigestellten Parteien in Verbindung mit einem Anspruch entstehen, der sich aus oder im Zusammenhang mit:&nbsp;<\/p>\n\n\n\n<p><br>(i) Ihren Zugang zu oder Ihre Nutzung der Website oder&nbsp;<\/p>\n\n\n\n<p><br>(ii) jede Verletzung dieser Allgemeinen Gesch\u00e4ftsbedingungen oder der Zusicherungen, Garantien und Verpflichtungen, die Sie mit Ihrer Zustimmung zu diesen Allgemeinen Gesch\u00e4ftsbedingungen eingegangen sind, durch Sie.&nbsp;<\/p>\n\n\n\n<p><br>Sie sind verpflichtet, bei der Verteidigung gegen derartige Anspr\u00fcche in vollem Umfang zu kooperieren, soweit dies erforderlich ist. Consultoriac beh\u00e4lt sich das Recht vor, auf eigene Kosten die ausschlie\u00dfliche Verteidigung und Kontrolle \u00fcber jede Angelegenheit zu \u00fcbernehmen, die Ihrer Entsch\u00e4digung unterliegt.<\/p>\n\n\n\n<h2 class=\"wp-block-heading\"><strong>Zust\u00e4ndigkeitsbereich<\/strong><\/h2>\n\n\n\n<p>Diese Bedingungen unterliegen den Gesetzen Spaniens und werden nach diesen ausgelegt, ungeachtet der Grunds\u00e4tze des Kollisionsrechts. Sie erkl\u00e4ren sich ausdr\u00fccklich damit einverstanden, dass die ausschlie\u00dfliche Zust\u00e4ndigkeit bei den Gerichten in Spanien liegt. Sie erkl\u00e4ren sich au\u00dferdem damit einverstanden, dass die pers\u00f6nliche Gerichtsbarkeit in Spanien f\u00fcr alle Streitigkeiten oder Anspr\u00fcche, die Consultoriac betreffen, gilt. Sollte ein Teil dieser Bedingungen ungesetzlich, ung\u00fcltig oder nicht durchsetzbar sein, so gilt dieser Teil als abtrennbar und ber\u00fchrt nicht die G\u00fcltigkeit und Durchsetzbarkeit der \u00fcbrigen Bestimmungen.<\/p>\n\n\n\n<h2 class=\"wp-block-heading\"><strong>Gesamte Vereinbarung<\/strong><\/h2>\n\n\n\n<p>Diese Vereinbarung umfasst die Gesamtheit der Absprachen zwischen Ihnen und Consultoriac in Bezug auf den Vertragsgegenstand und setzt alle fr\u00fcheren oder gleichzeitigen Absprachen oder Vereinbarungen in Bezug auf den Vertragsgegenstand, ob schriftlich oder m\u00fcndlich, au\u00dfer Kraft. Ein Verzicht auf irgendeine Bestimmung dieser Vereinbarung ist nur dann wirksam, wenn er schriftlich erfolgt und von Consultoriac unterzeichnet ist. Die Nichtdurchsetzung einer Bestimmung dieses Vertrages stellt keinen Verzicht auf eine k\u00fcnftige Verletzung dieser oder einer anderen Bestimmung dieses Vertrages dar.<\/p>\n\n\n\n<h2 class=\"wp-block-heading\"><strong>Kontakt<\/strong><\/h2>\n\n\n\n<p>Wenn Sie Fragen oder Bedenken bez\u00fcglich dieser Gesch\u00e4ftsbedingungen haben, kontaktieren Sie uns bitte unter den folgenden Informationen:<\/p>\n\n\n\n<ul class=\"wp-block-list\">\n<li>E-Mail:&nbsp; <a href=\"mailto:info@consultoriac.com\">info@consultoriac.com<\/a><\/li>\n\n\n\n<li>Telefon: <a href=\"tel: 34919930867\">+34919930867<\/a><\/li>\n\n\n\n<li>Website: <a href=\"https:\/\/consultoriac.com\/de\/contact-us\/\">https:\/\/consultoriac.com\/contact-us\/<\/a>&nbsp;<\/li>\n<\/ul>\n\n\n\n<p>Wir stehen Ihnen zur Verf\u00fcgung, um Sie zu unterst\u00fctzen und Ihre Fragen zu diesen Bedingungen zu beantworten.<\/p>","protected":false},"excerpt":{"rendered":"<p>Diese Allgemeinen Gesch\u00e4ftsbedingungen (\"Bedingungen\") begr\u00fcnden eine rechtsverbindliche Vereinbarung zwischen Ihnen und SOL CONSULTORIAC 2023 SL (\"Consultoriac\"), eingetragene Adresse: Avenida Ramon Cajal 17 Marbella 29601, Spanien; Registriernummer - B56315112, in Bezug auf die Nutzung unserer Website und ihrer Inhalte (im Folgenden als \"Website\" bezeichnet), die unter https:\/\/consultoriac.com\/ zug\u00e4nglich ist. Bitte lesen Sie diese Bedingungen und Konditionen [...]<\/p>","protected":false},"author":1,"featured_media":0,"parent":0,"menu_order":0,"comment_status":"closed","ping_status":"closed","template":"template-pages\/policy.php","meta":{"inline_featured_image":false,"footnotes":""},"class_list":["post-37","page","type-page","status-publish","hentry"],"acf":[],"yoast_head":"<!-- This site is optimized with the Yoast SEO plugin v22.2 - https:\/\/yoast.com\/wordpress\/plugins\/seo\/ -->\n<title>Terms and Conditions - consultoriac<\/title>\n<meta name=\"robots\" content=\"index, follow, max-snippet:-1, max-image-preview:large, max-video-preview:-1\" \/>\n<link rel=\"canonical\" href=\"https:\/\/consultoriac.com\/de\/terms-of-use\/\" \/>\n<meta property=\"og:locale\" content=\"de_DE\" \/>\n<meta property=\"og:type\" content=\"article\" \/>\n<meta property=\"og:title\" content=\"Terms and Conditions - consultoriac\" \/>\n<meta property=\"og:description\" content=\"These Terms and Conditions (&#8220;Terms&#8221;) establish a legally binding agreement between you and SOL CONSULTORIAC 2023 SL (&#8220;Consultoriac&#8221;), registered address: The Ramon Cajal Avenue 17 Marbella 29601, Spain; registration number &#8211; B56315112, regarding your use of our website and its content (referred to as the &#8220;Site&#8221;) accessible at https:\/\/consultoriac.com\/. Please read these terms and conditions [&hellip;]\" \/>\n<meta property=\"og:url\" content=\"https:\/\/consultoriac.com\/de\/terms-of-use\/\" \/>\n<meta property=\"og:site_name\" content=\"consultoriac\" \/>\n<meta property=\"article:modified_time\" content=\"2024-04-01T11:33:29+00:00\" \/>\n<meta name=\"twitter:card\" content=\"summary_large_image\" \/>\n<meta name=\"twitter:label1\" content=\"Gesch\u00e4tzte Lesezeit\" \/>\n\t<meta name=\"twitter:data1\" content=\"7\u00a0Minuten\" \/>\n<script type=\"application\/ld+json\" class=\"yoast-schema-graph\">{\"@context\":\"https:\/\/schema.org\",\"@graph\":[{\"@type\":\"WebPage\",\"@id\":\"https:\/\/consultoriac.com\/terms-of-use\/\",\"url\":\"https:\/\/consultoriac.com\/terms-of-use\/\",\"name\":\"Terms and Conditions - consultoriac\",\"isPartOf\":{\"@id\":\"https:\/\/consultoriac.com\/#website\"},\"datePublished\":\"2024-03-15T13:40:25+00:00\",\"dateModified\":\"2024-04-01T11:33:29+00:00\",\"breadcrumb\":{\"@id\":\"https:\/\/consultoriac.com\/terms-of-use\/#breadcrumb\"},\"inLanguage\":\"de\",\"potentialAction\":[{\"@type\":\"ReadAction\",\"target\":[\"https:\/\/consultoriac.com\/terms-of-use\/\"]}]},{\"@type\":\"BreadcrumbList\",\"@id\":\"https:\/\/consultoriac.com\/terms-of-use\/#breadcrumb\",\"itemListElement\":[{\"@type\":\"ListItem\",\"position\":1,\"name\":\"Home\",\"item\":\"https:\/\/consultoriac.com\/\"},{\"@type\":\"ListItem\",\"position\":2,\"name\":\"Terms and Conditions\"}]},{\"@type\":\"WebSite\",\"@id\":\"https:\/\/consultoriac.com\/#website\",\"url\":\"https:\/\/consultoriac.com\/\",\"name\":\"consultoriac\",\"description\":\"\",\"potentialAction\":[{\"@type\":\"SearchAction\",\"target\":{\"@type\":\"EntryPoint\",\"urlTemplate\":\"https:\/\/consultoriac.com\/?s={search_term_string}\"},\"query-input\":\"required name=search_term_string\"}],\"inLanguage\":\"de\"}]}<\/script>\n<!-- \/ Yoast SEO plugin. -->","yoast_head_json":{"title":"Terms and Conditions - consultoriac","robots":{"index":"index","follow":"follow","max-snippet":"max-snippet:-1","max-image-preview":"max-image-preview:large","max-video-preview":"max-video-preview:-1"},"canonical":"https:\/\/consultoriac.com\/de\/terms-of-use\/","og_locale":"de_DE","og_type":"article","og_title":"Terms and Conditions - consultoriac","og_description":"These Terms and Conditions (&#8220;Terms&#8221;) establish a legally binding agreement between you and SOL CONSULTORIAC 2023 SL (&#8220;Consultoriac&#8221;), registered address: The Ramon Cajal Avenue 17 Marbella 29601, Spain; registration number &#8211; B56315112, regarding your use of our website and its content (referred to as the &#8220;Site&#8221;) accessible at https:\/\/consultoriac.com\/. Please read these terms and conditions [&hellip;]","og_url":"https:\/\/consultoriac.com\/de\/terms-of-use\/","og_site_name":"consultoriac","article_modified_time":"2024-04-01T11:33:29+00:00","twitter_card":"summary_large_image","twitter_misc":{"Gesch\u00e4tzte Lesezeit":"7\u00a0Minuten"},"schema":{"@context":"https:\/\/schema.org","@graph":[{"@type":"WebPage","@id":"https:\/\/consultoriac.com\/terms-of-use\/","url":"https:\/\/consultoriac.com\/terms-of-use\/","name":"Terms and Conditions - consultoriac","isPartOf":{"@id":"https:\/\/consultoriac.com\/#website"},"datePublished":"2024-03-15T13:40:25+00:00","dateModified":"2024-04-01T11:33:29+00:00","breadcrumb":{"@id":"https:\/\/consultoriac.com\/terms-of-use\/#breadcrumb"},"inLanguage":"de","potentialAction":[{"@type":"ReadAction","target":["https:\/\/consultoriac.com\/terms-of-use\/"]}]},{"@type":"BreadcrumbList","@id":"https:\/\/consultoriac.com\/terms-of-use\/#breadcrumb","itemListElement":[{"@type":"ListItem","position":1,"name":"Home","item":"https:\/\/consultoriac.com\/"},{"@type":"ListItem","position":2,"name":"Terms and Conditions"}]},{"@type":"WebSite","@id":"https:\/\/consultoriac.com\/#website","url":"https:\/\/consultoriac.com\/","name":"consultoriac","description":"","potentialAction":[{"@type":"SearchAction","target":{"@type":"EntryPoint","urlTemplate":"https:\/\/consultoriac.com\/?s={search_term_string}"},"query-input":"required name=search_term_string"}],"inLanguage":"de"}]}},"_links":{"self":[{"href":"https:\/\/consultoriac.com\/de\/wp-json\/wp\/v2\/pages\/37","targetHints":{"allow":["GET"]}}],"collection":[{"href":"https:\/\/consultoriac.com\/de\/wp-json\/wp\/v2\/pages"}],"about":[{"href":"https:\/\/consultoriac.com\/de\/wp-json\/wp\/v2\/types\/page"}],"author":[{"embeddable":true,"href":"https:\/\/consultoriac.com\/de\/wp-json\/wp\/v2\/users\/1"}],"replies":[{"embeddable":true,"href":"https:\/\/consultoriac.com\/de\/wp-json\/wp\/v2\/comments?post=37"}],"version-history":[{"count":13,"href":"https:\/\/consultoriac.com\/de\/wp-json\/wp\/v2\/pages\/37\/revisions"}],"predecessor-version":[{"id":179,"href":"https:\/\/consultoriac.com\/de\/wp-json\/wp\/v2\/pages\/37\/revisions\/179"}],"wp:attachment":[{"href":"https:\/\/consultoriac.com\/de\/wp-json\/wp\/v2\/media?parent=37"}],"curies":[{"name":"wp","href":"https:\/\/api.w.org\/{rel}","templated":true}]}}