{"id":19,"date":"2024-03-15T10:59:55","date_gmt":"2024-03-15T10:59:55","guid":{"rendered":"https:\/\/consultoriac.com\/?page_id=19"},"modified":"2024-04-01T11:18:21","modified_gmt":"2024-04-01T11:18:21","slug":"privacy-policy","status":"publish","type":"page","link":"https:\/\/consultoriac.com\/de\/privacy-policy\/","title":{"rendered":"Datenschutzbestimmungen"},"content":{"rendered":"<p>Der Datenschutz hat bei Consultoriac Priorit\u00e4t, und wir wissen, wie wichtig es ist, Ihre Daten zu sch\u00fctzen. Wir verpflichten uns zum Schutz Ihrer pers\u00f6nlichen Daten, wie in dieser Datenschutzerkl\u00e4rung dargelegt.<\/p>\n\n\n\n<p><br>Unsere Datenschutzrichtlinie bezieht sich auf die Website <a href=\"https:\/\/consultoriac.com\/de\/\">https:\/\/consultoriac.com\/<\/a>&nbsp; (die \"Website\"), die von Consultoriac verwaltet wird. Consultoriac mit Sitz in Madrid, Spanien, handelt als Datenverantwortlicher in Bezug auf die von Ihnen im Rahmen dieser Richtlinie bereitgestellten personenbezogenen Daten.<\/p>\n\n\n\n<p><br>Consultoriac ist sich der Bedeutung Ihrer Privatsph\u00e4re bewusst und verpflichtet sich, Ihre Daten (definiert als alle Informationen, die Ihre Identifizierung erm\u00f6glichen) im Rahmen dieser Datenschutzrichtlinie zu sch\u00fctzen.<\/p>\n\n\n\n<p>Consultoriac beh\u00e4lt sich das Recht vor, diese Datenschutzrichtlinie bei Bedarf zu \u00e4ndern und zu aktualisieren. Wir empfehlen Ihnen, die aktuelle Version der Datenschutzrichtlinie jedes Mal zu \u00fcberpr\u00fcfen, wenn Sie unsere Seiten besuchen.<\/p>\n\n\n\n<h2 class=\"wp-block-heading\"><strong>Definitionen<\/strong><\/h2>\n\n\n\n<ul class=\"wp-block-list\">\n<li>Die Stelle, die allein oder gemeinsam mit anderen f\u00fcr die Festlegung der Zwecke und Methoden der Verarbeitung personenbezogener Daten verantwortlich ist, wird als der f\u00fcr die Verarbeitung Verantwortliche bezeichnet.<\/li>\n<\/ul>\n\n\n\n<ul class=\"wp-block-list\">\n<li>Personenbezogene Daten sind alle Informationen, die sich auf eine identifizierbare Person beziehen, wie z. B. ein Name, eine Identifikationsnummer oder eine Online-Kennung.<\/li>\n<\/ul>\n\n\n\n<ul class=\"wp-block-list\">\n<li>Standardvertragsklauseln sind vertragliche Vereinbarungen, die Unternehmen bei der \u00dcbermittlung personenbezogener Daten in L\u00e4nder au\u00dferhalb der Europ\u00e4ischen Union verwenden k\u00f6nnen. Sie werden von der Europ\u00e4ischen Kommission gebilligt, um einen angemessenen Schutz personenbezogener Daten bei solchen \u00dcbermittlungen zu gew\u00e4hrleisten.<\/li>\n<\/ul>\n\n\n\n<ul class=\"wp-block-list\">\n<li>Bei der Anonymisierung werden Daten so ver\u00e4ndert, dass sie nicht mehr identifizierbar sind, d. h. sie k\u00f6nnen nicht mit einer Person in Verbindung gebracht werden, selbst wenn sie mit anderen Informationen kombiniert werden. Anonyme Daten gelten nicht als \"personenbezogene Daten\".<\/li>\n<\/ul>\n\n\n\n<ul class=\"wp-block-list\">\n<li>Bei der Pseudonymisierung werden die Daten so ver\u00e4ndert, dass sie ohne zus\u00e4tzliche Informationen nicht direkt mit einer Person in Verbindung gebracht werden k\u00f6nnen. Pseudonymisierte Daten werden immer noch als \"personenbezogene Daten\" betrachtet.<\/li>\n<\/ul>\n\n\n\n<h2 class=\"wp-block-heading\"><strong>Welche Informationen wir sammeln und wie wir sie verwenden<\/strong><\/h2>\n\n\n\n<p>Bei Consultoriac k\u00f6nnen wir Ihre pers\u00f6nlichen Daten erfassen, einschlie\u00dflich Ihres Namens, Ihrer Kontaktdaten, Ihres Berufs, Ihrer Unternehmens- oder Universit\u00e4tszugeh\u00f6rigkeit, Ihrer Branche, Ihrer Region\/Ihres Landes, Ihrer Beziehung zu Consultoriac, des Grundes f\u00fcr die Kontaktaufnahme mit uns und Ihrer Interessengebiete. Indem Sie unsere Website nutzen oder uns Informationen zur Verf\u00fcgung stellen, erkl\u00e4ren Sie sich damit einverstanden, dass Consultoriac Ihre pers\u00f6nlichen Daten wie in dieser Datenschutzrichtlinie beschrieben verarbeitet. Consultoriac kann Ihre pers\u00f6nlichen Daten nutzen, um Ihre Anfragen zu erf\u00fcllen oder Marketingmitteilungen zu versenden.<\/p>\n\n\n\n<p>Wir erheben personenbezogene Daten, wenn Sie Informationen von uns anfordern und\/oder Informationen \u00fcber unsere Website \u00fcbermitteln, z. B. wenn Sie ein Bestellformular oder eine Beratungsanfrage ausf\u00fcllen. Zu den personenbezogenen Daten, die wir erheben, k\u00f6nnen Ihr Name, Ihre E-Mail-Adresse, Ihr Titel, Ihr Beruf, Ihre Unternehmens- oder Universit\u00e4tszugeh\u00f6rigkeit, Ihre Branche, Ihre Region\/Ihr Land, Ihre Beziehung zu Consultoriac, der Grund f\u00fcr die Kontaktaufnahme, Ihre Interessengebiete, die mit einer Bewerbung \u00fcbermittelten Hintergrundinformationen und alle anderen Angaben in den von Ihnen gesendeten Nachrichten geh\u00f6ren.<\/p>\n\n\n\n<p>Dar\u00fcber hinaus k\u00f6nnen wir \u00fcber unsere Cookie-Richtlinie Informationen \u00fcber Ihre Nutzung unserer Website sammeln. Indem Sie auf unserer Website surfen und uns diese Informationen zur Verf\u00fcgung stellen, erkl\u00e4ren Sie sich ausdr\u00fccklich damit einverstanden, dass Consultoriac Ihre pers\u00f6nlichen Daten zu den in dieser Datenschutzrichtlinie beschriebenen Zwecken und auf die dort beschriebene Weise verwendet. Bitte senden Sie uns keine Informationen, die Sie nicht w\u00fcnschen, dass Consultoriac sie verwendet.<\/p>\n\n\n\n<p>Consultoriac kann personenbezogene Daten sammeln und diese Informationen in aggregierter Form zu Marketing- und Werbezwecken an Drittanbieter weitergeben. Wir geben jedoch keine Informationen, die Sie pers\u00f6nlich identifizieren k\u00f6nnten, an diese Unternehmen weiter.<\/p>\n\n\n\n<p>Sie sind nicht verpflichtet, uns personenbezogene Daten zur Verf\u00fcgung zu stellen. Wenn Sie dies jedoch nicht tun, kann dies dazu f\u00fchren, dass wir Ihre Anfrage nicht bearbeiten oder die gew\u00fcnschten Dienstleistungen nicht erbringen k\u00f6nnen.<\/p>\n\n\n\n<p>Consultoriac bewahrt Ihre pers\u00f6nlichen Daten so lange auf, wie es f\u00fcr die Erf\u00fcllung Ihrer Anfrage oder die Aufrechterhaltung unserer Beziehung zu Ihnen erforderlich ist.&nbsp;<\/p>\n\n\n\n<h2 class=\"wp-block-heading\"><strong>Verwendung von Cookies<\/strong><\/h2>\n\n\n\n<p>Wir verwenden Cookies oder \u00e4hnliche Technologien, um bestimmte Arten von Informationen zu sammeln, w\u00e4hrend Sie auf unseren Websites navigieren. Einzelheiten zu den gesammelten Daten und ihrer Verwendung finden Sie in unserer Cookie-Richtlinie.<\/p>\n\n\n\n<h2 class=\"wp-block-heading\"><strong>Mit wem wir Ihre Daten teilen<\/strong><\/h2>\n\n\n\n<p>Consultoriac kann Ihre pers\u00f6nlichen Daten an ausgew\u00e4hlte Dritte weitergeben, die sich in anderen L\u00e4ndern als dem Land Ihres Wohnsitzes befinden k\u00f6nnen. Consultoriac verpflichtet sich, Ihre Daten nicht an Dritte zu deren unabh\u00e4ngiger Nutzung weiterzugeben oder zu verkaufen.<\/p>\n\n\n\n<p><strong>Ihre pers\u00f6nlichen Daten k\u00f6nnen weitergegeben werden an:<\/strong><\/p>\n\n\n\n<ul class=\"wp-block-list\">\n<li>Andere Consultoriac-Teams und Interessengruppen.<\/li>\n\n\n\n<li>Sorgf\u00e4ltig ausgew\u00e4hlte Drittanbieter von Dienstleistungen, wie z. B. Anbieter von Marketingdiensten, IT-Systemen, Personalvermittlungsdiensten, Hintergrundpr\u00fcfungen, Datenbereinigungen oder Veranstaltungsorganisatoren, damit diese Dienstleistungen f\u00fcr Consultoriac erbringen k\u00f6nnen.<\/li>\n\n\n\n<li>Unsere Berater.<\/li>\n\n\n\n<li>Strafverfolgungsbeh\u00f6rden oder staatliche Stellen, wenn dies gesetzlich vorgeschrieben ist.<\/li>\n<\/ul>\n\n\n\n<p>Dritte, mit Ausnahme von Strafverfolgungsbeh\u00f6rden oder staatlichen Stellen, werden Ihre pers\u00f6nlichen Daten ausschlie\u00dflich im Auftrag von Consultoriac und zu den in dieser Erkl\u00e4rung genannten Zwecken verarbeiten. Consultoriac wird Ihre pers\u00f6nlichen Daten nicht ohne Ihre ausdr\u00fcckliche Zustimmung an diese Dritten f\u00fcr deren Zwecke verkaufen oder weitergeben.<\/p>\n\n\n\n<p>Die Teams von Consultoriac und Dritte, mit denen wir Ihre Daten teilen, k\u00f6nnen sich in L\u00e4ndern befinden, in denen das Datenschutzniveau im Vergleich zu Ihrem Wohnsitzland unterschiedlich ist. Consultoriac sch\u00fctzt Ihre pers\u00f6nlichen Daten in solchen F\u00e4llen durch angemessene rechtliche Garantien. F\u00fcr Personen mit Wohnsitz in der Europ\u00e4ischen Union k\u00f6nnen diese Schutzma\u00dfnahmen die Verwendung von \"Standardvertragsklauseln\" beinhalten, die von der Europ\u00e4ischen Kommission gebilligt wurden.<\/p>\n\n\n\n<h2 class=\"wp-block-heading\"><strong>Links zu anderen Seiten<\/strong><\/h2>\n\n\n\n<p>Consultoriac kann auf seiner Website Links zu Websites Dritter einf\u00fcgen, f\u00fcr die jeweils eigene Bedingungen und Datenschutzrichtlinien gelten. Consultoriac ist nicht verantwortlich f\u00fcr den Inhalt oder Ihre Interaktionen mit diesen externen Websites.<\/p>\n\n\n\n<p>Diese Links k\u00f6nnen Sie zu Websites von Drittanbietern weiterleiten, einschlie\u00dflich sozialer Medienplattformen, f\u00fcr die jeweils eigene Nutzungsbedingungen und Datenschutzrichtlinien gelten. Wir empfehlen Ihnen, die jeweiligen Bedingungen und Richtlinien zu \u00fcberpr\u00fcfen, bevor Sie mit diesen Websites in Kontakt treten oder ihnen Informationen zur Verf\u00fcgung stellen. Consultoriac lehnt jegliche Verantwortung f\u00fcr die Datenschutzpraktiken dieser Websites Dritter ab. Dar\u00fcber hinaus bedeutet die Aufnahme eines Links zu einer solchen Website nicht, dass Consultoriac den Inhalt oder die Nutzung dieser Website billigt oder die Verantwortung daf\u00fcr \u00fcbernimmt. Consultoriac ist nicht haftbar oder verantwortlich f\u00fcr den Inhalt oder Ihre Interaktionen mit diesen externen Websites.<\/p>\n\n\n\n<h2 class=\"wp-block-heading\"><strong>Sicherheit Ihrer pers\u00f6nlichen Daten<\/strong><\/h2>\n\n\n\n<p>Consultoriac hat robuste technische und organisatorische Sicherheitsma\u00dfnahmen ergriffen, um Ihre pers\u00f6nlichen Daten vor Verlust, Missbrauch, Ver\u00e4nderung oder Zerst\u00f6rung zu sch\u00fctzen.<\/p>\n\n\n\n<p>Wir haben verschiedene technische und organisatorische Sicherheitsma\u00dfnahmen getroffen, um Ihre personenbezogenen Daten vor unberechtigtem Zugriff zu sch\u00fctzen. Zu diesen Ma\u00dfnahmen geh\u00f6rt die Anonymisierung oder Pseudonymisierung von Daten, wann immer dies m\u00f6glich ist. Nur befugte Consultoriac-Mitarbeiter und benannte Dritte haben Zugang zu Ihren personenbezogenen Daten, und zwar nur in dem Umfang, der f\u00fcr die Erf\u00fcllung ihrer Aufgaben oder die Erbringung von Dienstleistungen erforderlich ist. Trotz dieser Vorsichtsma\u00dfnahmen kann Consultoriac keine vollst\u00e4ndige Immunit\u00e4t gegen unbefugten Zugriff auf Ihre Daten garantieren.<\/p>\n\n\n\n<h2 class=\"wp-block-heading\"><strong>Ihre Rechte<\/strong><\/h2>\n\n\n\n<p>Je nach Ihrem Wohnort haben Sie bestimmte Rechte in Bezug auf Ihre bei uns gespeicherten personenbezogenen Daten. Zu diesen Rechten geh\u00f6rt es, Zugang zu Ihren Daten zu verlangen, eine Kopie zu erhalten und zu erfahren, wie wir sie verwenden. Sie haben auch das Recht, die Berichtigung falscher oder veralteter Informationen zu verlangen und die Einstellung der Verarbeitung oder die L\u00f6schung Ihrer Daten zu fordern.<\/p>\n\n\n\n<p>Um diese Rechte auszu\u00fcben, kontaktieren Sie uns bitte unter <a href=\"mailto:info@consultoriac.com\">info@consultoriac.com<\/a>. Wenn Sie Marketingmitteilungen von Consultoriac erhalten und sich abmelden m\u00f6chten, k\u00f6nnen Sie dies \u00fcber den Abmeldelink in jeder Marketing-E-Mail tun.<\/p>\n\n\n\n<p>Wenn Sie glauben, dass Ihre Daten unrechtm\u00e4\u00dfig behandelt werden, kontaktieren Sie uns bitte unter <a href=\"mailto:info@consultoriac.com\">info@consultoriac.com<\/a>.\u00a0<\/p>\n\n\n\n<h2 class=\"wp-block-heading\"><strong>Kontakt<\/strong><\/h2>\n\n\n\n<p>Wenn Sie Fragen, Bedenken oder W\u00fcnsche in Bezug auf unsere Datenschutzrichtlinien oder den Umgang mit Ihren pers\u00f6nlichen Daten haben, k\u00f6nnen Sie uns auf den folgenden Wegen kontaktieren:<\/p>\n\n\n\n<ul class=\"wp-block-list\">\n<li>E-Mail:&nbsp; <a href=\"mailto:info@consultoriac.com\">info@consultoriac.com<\/a><\/li>\n\n\n\n<li>Telefon: <a href=\"tel: 34919930867\">+34919930867<\/a><\/li>\n\n\n\n<li>Website: <a href=\"https:\/\/consultoriac.com\/de\/contact-us\/\">https:\/\/consultoriac.com\/contact-us\/<\/a>&nbsp;<\/li>\n<\/ul>\n\n\n\n<p>Wir bem\u00fchen uns, alle Anfragen umgehend und professionell zu beantworten.<\/p>","protected":false},"excerpt":{"rendered":"<p>Der Datenschutz hat bei Consultoriac Priorit\u00e4t, und wir wissen, wie wichtig es ist, Ihre Daten zu sch\u00fctzen. Wir verpflichten uns, Ihre pers\u00f6nlichen Daten zu sch\u00fctzen, wie in dieser Datenschutzrichtlinie dargelegt. Unsere Datenschutzrichtlinie bezieht sich auf die von Consultoriac verwaltete Website https:\/\/consultoriac.com\/ (die \"Website\"). Consultoriac, mit Sitz in Madrid, Spanien, agiert als Datenverantwortlicher in Bezug auf die pers\u00f6nlichen [...]<\/p>","protected":false},"author":1,"featured_media":0,"parent":0,"menu_order":0,"comment_status":"closed","ping_status":"closed","template":"template-pages\/policy.php","meta":{"inline_featured_image":false,"footnotes":""},"class_list":["post-19","page","type-page","status-publish","hentry"],"acf":[],"yoast_head":"<!-- This site is optimized with the Yoast SEO plugin v22.2 - https:\/\/yoast.com\/wordpress\/plugins\/seo\/ -->\n<title>Privacy policy - consultoriac<\/title>\n<meta name=\"robots\" content=\"index, follow, max-snippet:-1, max-image-preview:large, max-video-preview:-1\" \/>\n<link rel=\"canonical\" href=\"https:\/\/consultoriac.com\/de\/privacy-policy\/\" \/>\n<meta property=\"og:locale\" content=\"de_DE\" \/>\n<meta property=\"og:type\" content=\"article\" \/>\n<meta property=\"og:title\" content=\"Privacy policy - consultoriac\" \/>\n<meta property=\"og:description\" content=\"Privacy is a priority at Consultoriac, and we understand the importance of safeguarding your privacy. We are dedicated to protecting your personal information as outlined in this Privacy Policy. Our Privacy Policy pertains to the website https:\/\/consultoriac.com\/&nbsp; (the &#8220;Site&#8221;) managed by Consultoriac. Consultoriac, based in Madrid, Spain, acts as a data controller regarding the personal [&hellip;]\" \/>\n<meta property=\"og:url\" content=\"https:\/\/consultoriac.com\/de\/privacy-policy\/\" \/>\n<meta property=\"og:site_name\" content=\"consultoriac\" \/>\n<meta property=\"article:modified_time\" content=\"2024-04-01T11:18:21+00:00\" \/>\n<meta name=\"twitter:card\" content=\"summary_large_image\" \/>\n<meta name=\"twitter:label1\" content=\"Gesch\u00e4tzte Lesezeit\" \/>\n\t<meta name=\"twitter:data1\" content=\"6\u00a0Minuten\" \/>\n<script type=\"application\/ld+json\" class=\"yoast-schema-graph\">{\"@context\":\"https:\/\/schema.org\",\"@graph\":[{\"@type\":\"WebPage\",\"@id\":\"https:\/\/consultoriac.com\/privacy-policy\/\",\"url\":\"https:\/\/consultoriac.com\/privacy-policy\/\",\"name\":\"Privacy policy - consultoriac\",\"isPartOf\":{\"@id\":\"https:\/\/consultoriac.com\/#website\"},\"datePublished\":\"2024-03-15T10:59:55+00:00\",\"dateModified\":\"2024-04-01T11:18:21+00:00\",\"breadcrumb\":{\"@id\":\"https:\/\/consultoriac.com\/privacy-policy\/#breadcrumb\"},\"inLanguage\":\"de\",\"potentialAction\":[{\"@type\":\"ReadAction\",\"target\":[\"https:\/\/consultoriac.com\/privacy-policy\/\"]}]},{\"@type\":\"BreadcrumbList\",\"@id\":\"https:\/\/consultoriac.com\/privacy-policy\/#breadcrumb\",\"itemListElement\":[{\"@type\":\"ListItem\",\"position\":1,\"name\":\"Home\",\"item\":\"https:\/\/consultoriac.com\/\"},{\"@type\":\"ListItem\",\"position\":2,\"name\":\"Privacy policy\"}]},{\"@type\":\"WebSite\",\"@id\":\"https:\/\/consultoriac.com\/#website\",\"url\":\"https:\/\/consultoriac.com\/\",\"name\":\"consultoriac\",\"description\":\"\",\"potentialAction\":[{\"@type\":\"SearchAction\",\"target\":{\"@type\":\"EntryPoint\",\"urlTemplate\":\"https:\/\/consultoriac.com\/?s={search_term_string}\"},\"query-input\":\"required name=search_term_string\"}],\"inLanguage\":\"de\"}]}<\/script>\n<!-- \/ Yoast SEO plugin. -->","yoast_head_json":{"title":"Privacy policy - consultoriac","robots":{"index":"index","follow":"follow","max-snippet":"max-snippet:-1","max-image-preview":"max-image-preview:large","max-video-preview":"max-video-preview:-1"},"canonical":"https:\/\/consultoriac.com\/de\/privacy-policy\/","og_locale":"de_DE","og_type":"article","og_title":"Privacy policy - consultoriac","og_description":"Privacy is a priority at Consultoriac, and we understand the importance of safeguarding your privacy. We are dedicated to protecting your personal information as outlined in this Privacy Policy. Our Privacy Policy pertains to the website https:\/\/consultoriac.com\/&nbsp; (the &#8220;Site&#8221;) managed by Consultoriac. Consultoriac, based in Madrid, Spain, acts as a data controller regarding the personal [&hellip;]","og_url":"https:\/\/consultoriac.com\/de\/privacy-policy\/","og_site_name":"consultoriac","article_modified_time":"2024-04-01T11:18:21+00:00","twitter_card":"summary_large_image","twitter_misc":{"Gesch\u00e4tzte Lesezeit":"6\u00a0Minuten"},"schema":{"@context":"https:\/\/schema.org","@graph":[{"@type":"WebPage","@id":"https:\/\/consultoriac.com\/privacy-policy\/","url":"https:\/\/consultoriac.com\/privacy-policy\/","name":"Privacy policy - consultoriac","isPartOf":{"@id":"https:\/\/consultoriac.com\/#website"},"datePublished":"2024-03-15T10:59:55+00:00","dateModified":"2024-04-01T11:18:21+00:00","breadcrumb":{"@id":"https:\/\/consultoriac.com\/privacy-policy\/#breadcrumb"},"inLanguage":"de","potentialAction":[{"@type":"ReadAction","target":["https:\/\/consultoriac.com\/privacy-policy\/"]}]},{"@type":"BreadcrumbList","@id":"https:\/\/consultoriac.com\/privacy-policy\/#breadcrumb","itemListElement":[{"@type":"ListItem","position":1,"name":"Home","item":"https:\/\/consultoriac.com\/"},{"@type":"ListItem","position":2,"name":"Privacy policy"}]},{"@type":"WebSite","@id":"https:\/\/consultoriac.com\/#website","url":"https:\/\/consultoriac.com\/","name":"consultoriac","description":"","potentialAction":[{"@type":"SearchAction","target":{"@type":"EntryPoint","urlTemplate":"https:\/\/consultoriac.com\/?s={search_term_string}"},"query-input":"required name=search_term_string"}],"inLanguage":"de"}]}},"_links":{"self":[{"href":"https:\/\/consultoriac.com\/de\/wp-json\/wp\/v2\/pages\/19","targetHints":{"allow":["GET"]}}],"collection":[{"href":"https:\/\/consultoriac.com\/de\/wp-json\/wp\/v2\/pages"}],"about":[{"href":"https:\/\/consultoriac.com\/de\/wp-json\/wp\/v2\/types\/page"}],"author":[{"embeddable":true,"href":"https:\/\/consultoriac.com\/de\/wp-json\/wp\/v2\/users\/1"}],"replies":[{"embeddable":true,"href":"https:\/\/consultoriac.com\/de\/wp-json\/wp\/v2\/comments?post=19"}],"version-history":[{"count":6,"href":"https:\/\/consultoriac.com\/de\/wp-json\/wp\/v2\/pages\/19\/revisions"}],"predecessor-version":[{"id":178,"href":"https:\/\/consultoriac.com\/de\/wp-json\/wp\/v2\/pages\/19\/revisions\/178"}],"wp:attachment":[{"href":"https:\/\/consultoriac.com\/de\/wp-json\/wp\/v2\/media?parent=19"}],"curies":[{"name":"wp","href":"https:\/\/api.w.org\/{rel}","templated":true}]}}